{"id":11694,"date":"2024-03-18T09:06:07","date_gmt":"2024-03-18T08:06:07","guid":{"rendered":"https:\/\/www.dd-secondhome.nl\/dd-kaufprozess\/"},"modified":"2024-07-24T11:16:49","modified_gmt":"2024-07-24T10:16:49","slug":"dd-kaufprozess","status":"publish","type":"page","link":"https:\/\/www.dd-secondhome.nl\/de\/dd-kaufprozess\/","title":{"rendered":"D&amp;D Kaufprozess"},"content":{"rendered":"\t\t<div data-elementor-type=\"wp-page\" data-elementor-id=\"11694\" class=\"elementor elementor-11694 elementor-9570\" data-elementor-post-type=\"page\">\n\t\t\t\t<div class=\"elementor-element elementor-element-e6a03cf e-flex e-con-boxed e-con e-parent\" data-id=\"e6a03cf\" data-element_type=\"container\" data-settings=\"{&quot;background_background&quot;:&quot;classic&quot;}\">\n\t\t\t\t\t<div class=\"e-con-inner\">\n\t\t\t\t<div class=\"elementor-element elementor-element-5980c73 elementor-widget elementor-widget-heading\" data-id=\"5980c73\" data-element_type=\"widget\" data-widget_type=\"heading.default\">\n\t\t\t\t<div class=\"elementor-widget-container\">\n\t\t\t\t\t<h1 class=\"elementor-heading-title elementor-size-default\">D&amp;D Kaufprozess<\/h1>\t\t\t\t<\/div>\n\t\t\t\t<\/div>\n\t\t\t\t\t<\/div>\n\t\t\t\t<\/div>\n\t\t<div class=\"elementor-element elementor-element-39fc5b2 e-flex e-con-boxed e-con e-parent\" data-id=\"39fc5b2\" data-element_type=\"container\">\n\t\t\t\t\t<div class=\"e-con-inner\">\n\t\t\t\t<div class=\"elementor-element elementor-element-685b0c9 elementor-widget elementor-widget-heading\" data-id=\"685b0c9\" data-element_type=\"widget\" data-widget_type=\"heading.default\">\n\t\t\t\t<div class=\"elementor-widget-container\">\n\t\t\t\t\t<h2 class=\"elementor-heading-title elementor-size-default\">D&amp;D Kaufberatung: Der Prozess zum Kauf einer Freizeitimmobilie in klaren Schritten<\/h2>\t\t\t\t<\/div>\n\t\t\t\t<\/div>\n\t\t\t\t<div class=\"elementor-element elementor-element-767075b elementor-widget elementor-widget-text-editor\" data-id=\"767075b\" data-element_type=\"widget\" data-widget_type=\"text-editor.default\">\n\t\t\t\t<div class=\"elementor-widget-container\">\n\t\t\t\t\t\t\t\t\t<p class=\"p1\">Der Kauf einer Zweitimmobilie ist f\u00fcr viele ein aufregender Schritt. Wir von D&amp;D haben uns zum Ziel gesetzt, Sie vor, w\u00e4hrend und nach dem Kauf zu unterst\u00fctzen. Wir beantworten h\u00e4ufig gestellte Fragen wie: Wie kaufe ich ein Haus, zum Beispiel in \u00d6sterreich? Worauf muss ich besonders achten? Braucht man einen Anwalt, Buchhalter oder Steuerberater? Gibt es versteckte Kosten? In diesem Leitfaden sagen wir Ihnen, was Sie beim Kauf einer Immobilie erwarten k\u00f6nnen.<\/p>\n\t\t\t\t\t\t\t\t<\/div>\n\t\t\t\t<\/div>\n\t\t\t\t\t<\/div>\n\t\t\t\t<\/div>\n\t\t<div class=\"elementor-element elementor-element-c7b68fd e-flex e-con-boxed e-con e-parent\" data-id=\"c7b68fd\" data-element_type=\"container\" data-settings=\"{&quot;background_background&quot;:&quot;classic&quot;}\">\n\t\t\t\t\t<div class=\"e-con-inner\">\n\t\t<div class=\"elementor-element elementor-element-e590aa4 e-con-full e-flex e-con e-child\" data-id=\"e590aa4\" data-element_type=\"container\">\n\t\t\t\t<div class=\"elementor-element elementor-element-6ddf4ad elementor-widget elementor-widget-heading\" data-id=\"6ddf4ad\" data-element_type=\"widget\" data-widget_type=\"heading.default\">\n\t\t\t\t<div class=\"elementor-widget-container\">\n\t\t\t\t\t<h2 class=\"elementor-heading-title elementor-size-default\">Schritt 1: Ermittlung Ihrer Wohnbed\u00fcrfnisse und Ihres Budgets<\/h2>\t\t\t\t<\/div>\n\t\t\t\t<\/div>\n\t\t\t\t<div class=\"elementor-element elementor-element-1d57a09 elementor-widget elementor-widget-text-editor\" data-id=\"1d57a09\" data-element_type=\"widget\" data-widget_type=\"text-editor.default\">\n\t\t\t\t<div class=\"elementor-widget-container\">\n\t\t\t\t\t\t\t\t\t<p class=\"p1\"><span class=\"s1\">Der erste Schritt im Kaufprozess ist die Ermittlung Ihrer Wohnbed\u00fcrfnisse und Ihres Budgets. Angesichts des gro\u00dfen Angebots auf dem Freizeitmarkt ist es praktisch, wenn Sie im Voraus wissen, wie viel Sie ausgeben m\u00f6chten. Ber\u00fccksichtigen Sie bei der Festlegung auch die Anschaffungskosten, die zwischen 8 % und 14 % des Kaufpreises liegen k\u00f6nnen. <\/span><\/p>\n\t\t\t\t\t\t\t\t<\/div>\n\t\t\t\t<\/div>\n\t\t\t\t<\/div>\n\t\t<div class=\"elementor-element elementor-element-c1875b8 e-con-full e-flex e-con e-child\" data-id=\"c1875b8\" data-element_type=\"container\">\n\t\t\t\t<div class=\"elementor-element elementor-element-7c5dab4 elementor-widget elementor-widget-image\" data-id=\"7c5dab4\" data-element_type=\"widget\" data-widget_type=\"image.default\">\n\t\t\t\t<div class=\"elementor-widget-container\">\n\t\t\t\t\t\t\t\t\t\t\t\t\t\t\t<img fetchpriority=\"high\" decoding=\"async\" width=\"800\" height=\"450\" src=\"https:\/\/www.dd-secondhome.nl\/wp-content\/uploads\/2024\/06\/2-1024x576.jpg\" class=\"attachment-large size-large wp-image-11669\" alt=\"\" srcset=\"https:\/\/www.dd-secondhome.nl\/wp-content\/uploads\/2024\/06\/2-1024x576.jpg 1024w, https:\/\/www.dd-secondhome.nl\/wp-content\/uploads\/2024\/06\/2-300x169.jpg 300w, https:\/\/www.dd-secondhome.nl\/wp-content\/uploads\/2024\/06\/2-768x432.jpg 768w, https:\/\/www.dd-secondhome.nl\/wp-content\/uploads\/2024\/06\/2-1536x864.jpg 1536w, https:\/\/www.dd-secondhome.nl\/wp-content\/uploads\/2024\/06\/2-2048x1152.jpg 2048w\" sizes=\"(max-width: 800px) 100vw, 800px\" \/>\t\t\t\t\t\t\t\t\t\t\t\t\t\t\t<\/div>\n\t\t\t\t<\/div>\n\t\t\t\t<\/div>\n\t\t\t\t\t<\/div>\n\t\t\t\t<\/div>\n\t\t<div class=\"elementor-element elementor-element-3444201 e-flex e-con-boxed e-con e-parent\" data-id=\"3444201\" data-element_type=\"container\">\n\t\t\t\t\t<div class=\"e-con-inner\">\n\t\t<div class=\"elementor-element elementor-element-7bc1a88 e-con-full e-flex e-con e-child\" data-id=\"7bc1a88\" data-element_type=\"container\">\n\t\t\t\t<div class=\"elementor-element elementor-element-79865b2 elementor-widget elementor-widget-image\" data-id=\"79865b2\" data-element_type=\"widget\" data-widget_type=\"image.default\">\n\t\t\t\t<div class=\"elementor-widget-container\">\n\t\t\t\t\t\t\t\t\t\t\t\t\t\t\t<img decoding=\"async\" width=\"800\" height=\"534\" src=\"https:\/\/www.dd-secondhome.nl\/wp-content\/uploads\/2024\/06\/2020_07_CMR_terrasjes_bankjes-136_A4-1024x683.jpg\" class=\"attachment-large size-large wp-image-11657\" alt=\"\" srcset=\"https:\/\/www.dd-secondhome.nl\/wp-content\/uploads\/2024\/06\/2020_07_CMR_terrasjes_bankjes-136_A4-1024x683.jpg 1024w, https:\/\/www.dd-secondhome.nl\/wp-content\/uploads\/2024\/06\/2020_07_CMR_terrasjes_bankjes-136_A4-300x200.jpg 300w, https:\/\/www.dd-secondhome.nl\/wp-content\/uploads\/2024\/06\/2020_07_CMR_terrasjes_bankjes-136_A4-768x512.jpg 768w, https:\/\/www.dd-secondhome.nl\/wp-content\/uploads\/2024\/06\/2020_07_CMR_terrasjes_bankjes-136_A4-1536x1024.jpg 1536w, https:\/\/www.dd-secondhome.nl\/wp-content\/uploads\/2024\/06\/2020_07_CMR_terrasjes_bankjes-136_A4-2048x1365.jpg 2048w\" sizes=\"(max-width: 800px) 100vw, 800px\" \/>\t\t\t\t\t\t\t\t\t\t\t\t\t\t\t<\/div>\n\t\t\t\t<\/div>\n\t\t\t\t<\/div>\n\t\t<div class=\"elementor-element elementor-element-3f80f42 e-con-full e-flex e-con e-child\" data-id=\"3f80f42\" data-element_type=\"container\">\n\t\t\t\t<div class=\"elementor-element elementor-element-ed0acc5 elementor-widget elementor-widget-heading\" data-id=\"ed0acc5\" data-element_type=\"widget\" data-widget_type=\"heading.default\">\n\t\t\t\t<div class=\"elementor-widget-container\">\n\t\t\t\t\t<h2 class=\"elementor-heading-title elementor-size-default\">Schritt 2: Die Suche beginnt<\/h2>\t\t\t\t<\/div>\n\t\t\t\t<\/div>\n\t\t\t\t<div class=\"elementor-element elementor-element-bf6375c elementor-widget elementor-widget-text-editor\" data-id=\"bf6375c\" data-element_type=\"widget\" data-widget_type=\"text-editor.default\">\n\t\t\t\t<div class=\"elementor-widget-container\">\n\t\t\t\t\t\t\t\t\t<p><span style=\"font-weight: 400;\">Jetzt, wo Ihr Budget feststeht, kann die Suche richtig beginnen. Mit Blick auf Ihre Wohnbed\u00fcrfnisse pr\u00fcfen wir, ob die perfekte Wohnung, die Ihren Bed\u00fcrfnissen entspricht, auf dem Markt ist.<\/span><\/p>\n\t\t\t\t\t\t\t\t<\/div>\n\t\t\t\t<\/div>\n\t\t\t\t<\/div>\n\t\t\t\t\t<\/div>\n\t\t\t\t<\/div>\n\t\t<div class=\"elementor-element elementor-element-552b8ed e-flex e-con-boxed e-con e-parent\" data-id=\"552b8ed\" data-element_type=\"container\" data-settings=\"{&quot;background_background&quot;:&quot;classic&quot;}\">\n\t\t\t\t\t<div class=\"e-con-inner\">\n\t\t<div class=\"elementor-element elementor-element-7f39398 e-con-full e-flex e-con e-child\" data-id=\"7f39398\" data-element_type=\"container\">\n\t\t\t\t<div class=\"elementor-element elementor-element-07a2369 elementor-widget elementor-widget-heading\" data-id=\"07a2369\" data-element_type=\"widget\" data-widget_type=\"heading.default\">\n\t\t\t\t<div class=\"elementor-widget-container\">\n\t\t\t\t\t<h2 class=\"elementor-heading-title elementor-size-default\">Schritt 3: Besichtigungen<\/h2>\t\t\t\t<\/div>\n\t\t\t\t<\/div>\n\t\t\t\t<div class=\"elementor-element elementor-element-d617195 elementor-widget elementor-widget-text-editor\" data-id=\"d617195\" data-element_type=\"widget\" data-widget_type=\"text-editor.default\">\n\t\t\t\t<div class=\"elementor-widget-container\">\n\t\t\t\t\t\t\t\t\t<p class=\"p1\"><span class=\"s1\">Wenn wir eine geeignete Immobilie gefunden haben, organisieren wir Besichtigungstermine f\u00fcr Sie.<\/span><\/p>\n\t\t\t\t\t\t\t\t<\/div>\n\t\t\t\t<\/div>\n\t\t<div class=\"elementor-element elementor-element-b6d0d4f e-flex e-con-boxed e-con e-child\" data-id=\"b6d0d4f\" data-element_type=\"container\">\n\t\t\t\t\t<div class=\"e-con-inner\">\n\t\t\t\t<div class=\"elementor-element elementor-element-557ed48 elementor-widget elementor-widget-heading\" data-id=\"557ed48\" data-element_type=\"widget\" data-widget_type=\"heading.default\">\n\t\t\t\t<div class=\"elementor-widget-container\">\n\t\t\t\t\t<h2 class=\"elementor-heading-title elementor-size-default\">Schritt 4: Ihr ideales Ferienhaus gefunden!<\/h2>\t\t\t\t<\/div>\n\t\t\t\t<\/div>\n\t\t\t\t<div class=\"elementor-element elementor-element-cb3e4a5 elementor-widget elementor-widget-text-editor\" data-id=\"cb3e4a5\" data-element_type=\"widget\" data-widget_type=\"text-editor.default\">\n\t\t\t\t<div class=\"elementor-widget-container\">\n\t\t\t\t\t\t\t\t\t<p><span style=\"font-weight: 400;\">Wir helfen Ihnen, ein Angebot zu machen. Wenn Sie eine Hypothek aufnehmen m\u00f6chten, sorgen wir daf\u00fcr, dass alle erforderlichen Unterlagen f\u00fcr die Bank vorbereitet werden.<\/span><\/p>\n\t\t\t\t\t\t\t\t<\/div>\n\t\t\t\t<\/div>\n\t\t\t\t\t<\/div>\n\t\t\t\t<\/div>\n\t\t\t\t<\/div>\n\t\t<div class=\"elementor-element elementor-element-6cb70b7 e-con-full e-flex e-con e-child\" data-id=\"6cb70b7\" data-element_type=\"container\">\n\t\t\t\t<div class=\"elementor-element elementor-element-33fe22f elementor-widget elementor-widget-image\" data-id=\"33fe22f\" data-element_type=\"widget\" data-widget_type=\"image.default\">\n\t\t\t\t<div class=\"elementor-widget-container\">\n\t\t\t\t\t\t\t\t\t\t\t\t\t\t\t<img decoding=\"async\" width=\"640\" height=\"480\" src=\"https:\/\/www.dd-secondhome.nl\/wp-content\/uploads\/2024\/07\/over-ons-1-1.jpg\" class=\"attachment-large size-large wp-image-11852\" alt=\"\" srcset=\"https:\/\/www.dd-secondhome.nl\/wp-content\/uploads\/2024\/07\/over-ons-1-1.jpg 640w, https:\/\/www.dd-secondhome.nl\/wp-content\/uploads\/2024\/07\/over-ons-1-1-300x225.jpg 300w\" sizes=\"(max-width: 640px) 100vw, 640px\" \/>\t\t\t\t\t\t\t\t\t\t\t\t\t\t\t<\/div>\n\t\t\t\t<\/div>\n\t\t\t\t<\/div>\n\t\t\t\t\t<\/div>\n\t\t\t\t<\/div>\n\t\t<div class=\"elementor-element elementor-element-9a88f17 e-flex e-con-boxed e-con e-parent\" data-id=\"9a88f17\" data-element_type=\"container\">\n\t\t\t\t\t<div class=\"e-con-inner\">\n\t\t<div class=\"elementor-element elementor-element-7cdfdcd e-con-full e-flex e-con e-child\" data-id=\"7cdfdcd\" data-element_type=\"container\">\n\t\t\t\t<div class=\"elementor-element elementor-element-8aa18d9 elementor-widget elementor-widget-image\" data-id=\"8aa18d9\" data-element_type=\"widget\" data-widget_type=\"image.default\">\n\t\t\t\t<div class=\"elementor-widget-container\">\n\t\t\t\t\t\t\t\t\t\t\t\t\t\t\t<img loading=\"lazy\" decoding=\"async\" width=\"480\" height=\"360\" src=\"https:\/\/www.dd-secondhome.nl\/wp-content\/uploads\/2024\/07\/Afbeelding5.jpg\" class=\"attachment-large size-large wp-image-11864\" alt=\"\" srcset=\"https:\/\/www.dd-secondhome.nl\/wp-content\/uploads\/2024\/07\/Afbeelding5.jpg 480w, https:\/\/www.dd-secondhome.nl\/wp-content\/uploads\/2024\/07\/Afbeelding5-300x225.jpg 300w\" sizes=\"(max-width: 480px) 100vw, 480px\" \/>\t\t\t\t\t\t\t\t\t\t\t\t\t\t\t<\/div>\n\t\t\t\t<\/div>\n\t\t\t\t<\/div>\n\t\t<div class=\"elementor-element elementor-element-02a6f52 e-con-full e-flex e-con e-child\" data-id=\"02a6f52\" data-element_type=\"container\">\n\t\t<div class=\"elementor-element elementor-element-be477f4 e-flex e-con-boxed e-con e-child\" data-id=\"be477f4\" data-element_type=\"container\">\n\t\t\t\t\t<div class=\"e-con-inner\">\n\t\t\t\t<div class=\"elementor-element elementor-element-c021718 elementor-widget elementor-widget-heading\" data-id=\"c021718\" data-element_type=\"widget\" data-widget_type=\"heading.default\">\n\t\t\t\t<div class=\"elementor-widget-container\">\n\t\t\t\t\t<h2 class=\"elementor-heading-title elementor-size-default\">Schritt 5: Rechtliche und finanzielle Abwicklung<\/h2>\t\t\t\t<\/div>\n\t\t\t\t<\/div>\n\t\t\t\t<div class=\"elementor-element elementor-element-64278a3 elementor-widget elementor-widget-text-editor\" data-id=\"64278a3\" data-element_type=\"widget\" data-widget_type=\"text-editor.default\">\n\t\t\t\t<div class=\"elementor-widget-container\">\n\t\t\t\t\t\t\t\t\t<p><span style=\"font-weight: 400;\">Der rechtliche und finanzielle Aspekt des Kaufs einer Freizeitimmobilie erfordert Pr\u00e4zision. Wir pr\u00fcfen die Vertr\u00e4ge und ziehen die notwendigen Fachleute wie Notare und Wirtschaftspr\u00fcfer hinzu, die wir sorgf\u00e4ltig aus unserem zuverl\u00e4ssigen Partnernetz ausw\u00e4hlen.<\/span><\/p>\n\t\t\t\t\t\t\t\t<\/div>\n\t\t\t\t<\/div>\n\t\t\t\t\t<\/div>\n\t\t\t\t<\/div>\n\t\t\t\t<\/div>\n\t\t\t\t\t<\/div>\n\t\t\t\t<\/div>\n\t\t<div class=\"elementor-element elementor-element-be19258 e-flex e-con-boxed e-con e-parent\" data-id=\"be19258\" data-element_type=\"container\" data-settings=\"{&quot;background_background&quot;:&quot;classic&quot;}\">\n\t\t\t\t\t<div class=\"e-con-inner\">\n\t\t<div class=\"elementor-element elementor-element-48d463d e-flex e-con-boxed e-con e-child\" data-id=\"48d463d\" data-element_type=\"container\">\n\t\t\t\t\t<div class=\"e-con-inner\">\n\t\t\t\t<div class=\"elementor-element elementor-element-c966e3c elementor-widget elementor-widget-heading\" data-id=\"c966e3c\" data-element_type=\"widget\" data-widget_type=\"heading.default\">\n\t\t\t\t<div class=\"elementor-widget-container\">\n\t\t\t\t\t<h2 class=\"elementor-heading-title elementor-size-default\">Schritt 6: Der (vorl\u00e4ufige) Kaufvertrag<\/h2>\t\t\t\t<\/div>\n\t\t\t\t<\/div>\n\t\t\t\t<div class=\"elementor-element elementor-element-ea37b4d elementor-widget elementor-widget-text-editor\" data-id=\"ea37b4d\" data-element_type=\"widget\" data-widget_type=\"text-editor.default\">\n\t\t\t\t<div class=\"elementor-widget-container\">\n\t\t\t\t\t\t\t\t\t<p><span style=\"font-weight: 400;\">Der vorl\u00e4ufige Kaufvertrag, auch Kaufvertrag genannt, enth\u00e4lt u.a. die Namen von Ihnen als K\u00e4ufer(in) und Verk\u00e4ufer(in), den Kaufpreis, das Datum der Schl\u00fcssel\u00fcbergabe und eventuelle aufl\u00f6sende Bedingungen.<\/span><\/p>\n<p class=\"p1\">\n<p><span style=\"font-weight: 400;\">In \u00d6sterreich ist es \u00fcblich, vor der Erstellung des endg\u00fcltigen Kaufvertrags zun\u00e4chst ein sogenanntes Kaufanbot zu unterzeichnen. Das bedeutet, dass Sie ein Angebot zum Kauf der Immobilie abgeben. Dem Verk\u00e4ufer steht es immer noch frei, die Immobilie an eine andere Partei zu verkaufen, bis der Verk\u00e4ufer dieses \u201eKaufanbot\u201c annimmt und ebenfalls unterzeichnet.<\/span><\/p>\n\t\t\t\t\t\t\t\t<\/div>\n\t\t\t\t<\/div>\n\t\t\t\t\t<\/div>\n\t\t\t\t<\/div>\n\t\t\t\t\t<\/div>\n\t\t\t\t<\/div>\n\t\t<div class=\"elementor-element elementor-element-a15f552 e-flex e-con-boxed e-con e-parent\" data-id=\"a15f552\" data-element_type=\"container\">\n\t\t\t\t\t<div class=\"e-con-inner\">\n\t\t<div class=\"elementor-element elementor-element-00e7349 e-con-full e-flex e-con e-child\" data-id=\"00e7349\" data-element_type=\"container\">\n\t\t\t\t<div class=\"elementor-element elementor-element-39b77b3 elementor-widget elementor-widget-heading\" data-id=\"39b77b3\" data-element_type=\"widget\" data-widget_type=\"heading.default\">\n\t\t\t\t<div class=\"elementor-widget-container\">\n\t\t\t\t\t<h2 class=\"elementor-heading-title elementor-size-default\">Schritt 7: Fertigstellung und Schl\u00fcssel\u00fcbergabe<\/h2>\t\t\t\t<\/div>\n\t\t\t\t<\/div>\n\t\t\t\t<div class=\"elementor-element elementor-element-1cfcc64 elementor-widget elementor-widget-text-editor\" data-id=\"1cfcc64\" data-element_type=\"widget\" data-widget_type=\"text-editor.default\">\n\t\t\t\t<div class=\"elementor-widget-container\">\n\t\t\t\t\t\t\t\t\t<p class=\"p1\"><span class=\"s1\">Bei der \u00dcbergabe Ihres Ferienhauses k\u00f6nnen wir Sie begleiten, um sicherzustellen, dass alles wie vereinbart verl\u00e4uft.<\/span><\/p>\n\t\t\t\t\t\t\t\t<\/div>\n\t\t\t\t<\/div>\n\t\t\t\t<\/div>\n\t\t<div class=\"elementor-element elementor-element-14525e6 e-con-full e-flex e-con e-child\" data-id=\"14525e6\" data-element_type=\"container\">\n\t\t\t\t<div class=\"elementor-element elementor-element-c41605d elementor-widget elementor-widget-image\" data-id=\"c41605d\" data-element_type=\"widget\" data-widget_type=\"image.default\">\n\t\t\t\t<div class=\"elementor-widget-container\">\n\t\t\t\t\t\t\t\t\t\t\t\t\t\t\t<img loading=\"lazy\" decoding=\"async\" width=\"800\" height=\"533\" src=\"https:\/\/www.dd-secondhome.nl\/wp-content\/uploads\/2024\/06\/277765450-1024x682.jpg\" class=\"attachment-large size-large wp-image-11599\" alt=\"\" srcset=\"https:\/\/www.dd-secondhome.nl\/wp-content\/uploads\/2024\/06\/277765450-1024x682.jpg 1024w, https:\/\/www.dd-secondhome.nl\/wp-content\/uploads\/2024\/06\/277765450-300x200.jpg 300w, https:\/\/www.dd-secondhome.nl\/wp-content\/uploads\/2024\/06\/277765450-768x512.jpg 768w, https:\/\/www.dd-secondhome.nl\/wp-content\/uploads\/2024\/06\/277765450.jpg 1280w\" sizes=\"(max-width: 800px) 100vw, 800px\" \/>\t\t\t\t\t\t\t\t\t\t\t\t\t\t\t<\/div>\n\t\t\t\t<\/div>\n\t\t\t\t<\/div>\n\t\t\t\t\t<\/div>\n\t\t\t\t<\/div>\n\t\t\t\t<\/div>\n\t\t","protected":false},"excerpt":{"rendered":"<p>D&amp;D Kaufprozess D&amp;D Kaufberatung: Der Prozess zum Kauf einer Freizeitimmobilie in klaren Schritten Der Kauf einer Zweitimmobilie ist f\u00fcr viele ein aufregender Schritt. Wir von D&amp;D haben uns zum Ziel gesetzt, Sie vor, w\u00e4hrend und nach dem Kauf zu unterst\u00fctzen. Wir beantworten h\u00e4ufig gestellte Fragen wie: Wie kaufe ich ein Haus, zum Beispiel in \u00d6sterreich? [&hellip;]<\/p>\n","protected":false},"author":1,"featured_media":0,"parent":0,"menu_order":0,"comment_status":"closed","ping_status":"closed","template":"","meta":{"_acf_changed":false,"footnotes":""},"class_list":["post-11694","page","type-page","status-publish","hentry"],"acf":[],"yoast_head":"<!-- This site is optimized with the Yoast SEO plugin v25.4 - https:\/\/yoast.com\/wordpress\/plugins\/seo\/ -->\n<title>D&amp;D Kaufprozess - D&amp;D Second Home<\/title>\n<meta name=\"robots\" content=\"index, follow, max-snippet:-1, max-image-preview:large, max-video-preview:-1\" \/>\n<link rel=\"canonical\" href=\"https:\/\/www.dd-secondhome.nl\/de\/dd-kaufprozess\/\" \/>\n<meta property=\"og:locale\" content=\"de_DE\" \/>\n<meta property=\"og:type\" content=\"article\" \/>\n<meta property=\"og:title\" content=\"D&amp;D Kaufprozess - D&amp;D Second Home\" \/>\n<meta property=\"og:description\" content=\"D&amp;D Kaufprozess D&amp;D Kaufberatung: Der Prozess zum Kauf einer Freizeitimmobilie in klaren Schritten Der Kauf einer Zweitimmobilie ist f\u00fcr viele ein aufregender Schritt. Wir von D&amp;D haben uns zum Ziel gesetzt, Sie vor, w\u00e4hrend und nach dem Kauf zu unterst\u00fctzen. Wir beantworten h\u00e4ufig gestellte Fragen wie: Wie kaufe ich ein Haus, zum Beispiel in \u00d6sterreich? [&hellip;]\" \/>\n<meta property=\"og:url\" content=\"https:\/\/www.dd-secondhome.nl\/de\/dd-kaufprozess\/\" \/>\n<meta property=\"og:site_name\" content=\"D&amp;D Second Home\" \/>\n<meta property=\"article:modified_time\" content=\"2024-07-24T10:16:49+00:00\" \/>\n<meta property=\"og:image\" content=\"https:\/\/www.dd-secondhome.nl\/wp-content\/uploads\/2024\/06\/2-1024x576.jpg\" \/>\n<meta name=\"twitter:card\" content=\"summary_large_image\" \/>\n<meta name=\"twitter:label1\" content=\"Gesch\u00e4tzte Lesezeit\" \/>\n\t<meta name=\"twitter:data1\" content=\"2\u00a0Minuten\" \/>\n<script type=\"application\/ld+json\" class=\"yoast-schema-graph\">{\"@context\":\"https:\/\/schema.org\",\"@graph\":[{\"@type\":\"WebPage\",\"@id\":\"https:\/\/www.dd-secondhome.nl\/de\/dd-kaufprozess\/\",\"url\":\"https:\/\/www.dd-secondhome.nl\/de\/dd-kaufprozess\/\",\"name\":\"D&amp;D Kaufprozess - D&amp;D Second Home\",\"isPartOf\":{\"@id\":\"https:\/\/www.dd-secondhome.nl\/de\/#website\"},\"primaryImageOfPage\":{\"@id\":\"https:\/\/www.dd-secondhome.nl\/de\/dd-kaufprozess\/#primaryimage\"},\"image\":{\"@id\":\"https:\/\/www.dd-secondhome.nl\/de\/dd-kaufprozess\/#primaryimage\"},\"thumbnailUrl\":\"https:\/\/www.dd-secondhome.nl\/wp-content\/uploads\/2024\/06\/2-1024x576.jpg\",\"datePublished\":\"2024-03-18T08:06:07+00:00\",\"dateModified\":\"2024-07-24T10:16:49+00:00\",\"breadcrumb\":{\"@id\":\"https:\/\/www.dd-secondhome.nl\/de\/dd-kaufprozess\/#breadcrumb\"},\"inLanguage\":\"de\",\"potentialAction\":[{\"@type\":\"ReadAction\",\"target\":[\"https:\/\/www.dd-secondhome.nl\/de\/dd-kaufprozess\/\"]}]},{\"@type\":\"ImageObject\",\"inLanguage\":\"de\",\"@id\":\"https:\/\/www.dd-secondhome.nl\/de\/dd-kaufprozess\/#primaryimage\",\"url\":\"https:\/\/www.dd-secondhome.nl\/wp-content\/uploads\/2024\/06\/2-1024x576.jpg\",\"contentUrl\":\"https:\/\/www.dd-secondhome.nl\/wp-content\/uploads\/2024\/06\/2-1024x576.jpg\"},{\"@type\":\"BreadcrumbList\",\"@id\":\"https:\/\/www.dd-secondhome.nl\/de\/dd-kaufprozess\/#breadcrumb\",\"itemListElement\":[{\"@type\":\"ListItem\",\"position\":1,\"name\":\"Home\",\"item\":\"https:\/\/www.dd-secondhome.nl\/de\/\"},{\"@type\":\"ListItem\",\"position\":2,\"name\":\"D&amp;D Kaufprozess\"}]},{\"@type\":\"WebSite\",\"@id\":\"https:\/\/www.dd-secondhome.nl\/de\/#website\",\"url\":\"https:\/\/www.dd-secondhome.nl\/de\/\",\"name\":\"D&amp;D Second Home\",\"description\":\"\",\"potentialAction\":[{\"@type\":\"SearchAction\",\"target\":{\"@type\":\"EntryPoint\",\"urlTemplate\":\"https:\/\/www.dd-secondhome.nl\/de\/?s={search_term_string}\"},\"query-input\":{\"@type\":\"PropertyValueSpecification\",\"valueRequired\":true,\"valueName\":\"search_term_string\"}}],\"inLanguage\":\"de\"}]}<\/script>\n<!-- \/ Yoast SEO plugin. -->","yoast_head_json":{"title":"D&amp;D Kaufprozess - D&amp;D Second Home","robots":{"index":"index","follow":"follow","max-snippet":"max-snippet:-1","max-image-preview":"max-image-preview:large","max-video-preview":"max-video-preview:-1"},"canonical":"https:\/\/www.dd-secondhome.nl\/de\/dd-kaufprozess\/","og_locale":"de_DE","og_type":"article","og_title":"D&amp;D Kaufprozess - D&amp;D Second Home","og_description":"D&amp;D Kaufprozess D&amp;D Kaufberatung: Der Prozess zum Kauf einer Freizeitimmobilie in klaren Schritten Der Kauf einer Zweitimmobilie ist f\u00fcr viele ein aufregender Schritt. Wir von D&amp;D haben uns zum Ziel gesetzt, Sie vor, w\u00e4hrend und nach dem Kauf zu unterst\u00fctzen. Wir beantworten h\u00e4ufig gestellte Fragen wie: Wie kaufe ich ein Haus, zum Beispiel in \u00d6sterreich? [&hellip;]","og_url":"https:\/\/www.dd-secondhome.nl\/de\/dd-kaufprozess\/","og_site_name":"D&amp;D Second Home","article_modified_time":"2024-07-24T10:16:49+00:00","og_image":[{"url":"https:\/\/www.dd-secondhome.nl\/wp-content\/uploads\/2024\/06\/2-1024x576.jpg","type":"","width":"","height":""}],"twitter_card":"summary_large_image","twitter_misc":{"Gesch\u00e4tzte Lesezeit":"2\u00a0Minuten"},"schema":{"@context":"https:\/\/schema.org","@graph":[{"@type":"WebPage","@id":"https:\/\/www.dd-secondhome.nl\/de\/dd-kaufprozess\/","url":"https:\/\/www.dd-secondhome.nl\/de\/dd-kaufprozess\/","name":"D&amp;D Kaufprozess - D&amp;D Second Home","isPartOf":{"@id":"https:\/\/www.dd-secondhome.nl\/de\/#website"},"primaryImageOfPage":{"@id":"https:\/\/www.dd-secondhome.nl\/de\/dd-kaufprozess\/#primaryimage"},"image":{"@id":"https:\/\/www.dd-secondhome.nl\/de\/dd-kaufprozess\/#primaryimage"},"thumbnailUrl":"https:\/\/www.dd-secondhome.nl\/wp-content\/uploads\/2024\/06\/2-1024x576.jpg","datePublished":"2024-03-18T08:06:07+00:00","dateModified":"2024-07-24T10:16:49+00:00","breadcrumb":{"@id":"https:\/\/www.dd-secondhome.nl\/de\/dd-kaufprozess\/#breadcrumb"},"inLanguage":"de","potentialAction":[{"@type":"ReadAction","target":["https:\/\/www.dd-secondhome.nl\/de\/dd-kaufprozess\/"]}]},{"@type":"ImageObject","inLanguage":"de","@id":"https:\/\/www.dd-secondhome.nl\/de\/dd-kaufprozess\/#primaryimage","url":"https:\/\/www.dd-secondhome.nl\/wp-content\/uploads\/2024\/06\/2-1024x576.jpg","contentUrl":"https:\/\/www.dd-secondhome.nl\/wp-content\/uploads\/2024\/06\/2-1024x576.jpg"},{"@type":"BreadcrumbList","@id":"https:\/\/www.dd-secondhome.nl\/de\/dd-kaufprozess\/#breadcrumb","itemListElement":[{"@type":"ListItem","position":1,"name":"Home","item":"https:\/\/www.dd-secondhome.nl\/de\/"},{"@type":"ListItem","position":2,"name":"D&amp;D Kaufprozess"}]},{"@type":"WebSite","@id":"https:\/\/www.dd-secondhome.nl\/de\/#website","url":"https:\/\/www.dd-secondhome.nl\/de\/","name":"D&amp;D Second Home","description":"","potentialAction":[{"@type":"SearchAction","target":{"@type":"EntryPoint","urlTemplate":"https:\/\/www.dd-secondhome.nl\/de\/?s={search_term_string}"},"query-input":{"@type":"PropertyValueSpecification","valueRequired":true,"valueName":"search_term_string"}}],"inLanguage":"de"}]}},"_links":{"self":[{"href":"https:\/\/www.dd-secondhome.nl\/de\/wp-json\/wp\/v2\/pages\/11694","targetHints":{"allow":["GET"]}}],"collection":[{"href":"https:\/\/www.dd-secondhome.nl\/de\/wp-json\/wp\/v2\/pages"}],"about":[{"href":"https:\/\/www.dd-secondhome.nl\/de\/wp-json\/wp\/v2\/types\/page"}],"author":[{"embeddable":true,"href":"https:\/\/www.dd-secondhome.nl\/de\/wp-json\/wp\/v2\/users\/1"}],"replies":[{"embeddable":true,"href":"https:\/\/www.dd-secondhome.nl\/de\/wp-json\/wp\/v2\/comments?post=11694"}],"version-history":[{"count":2,"href":"https:\/\/www.dd-secondhome.nl\/de\/wp-json\/wp\/v2\/pages\/11694\/revisions"}],"predecessor-version":[{"id":11929,"href":"https:\/\/www.dd-secondhome.nl\/de\/wp-json\/wp\/v2\/pages\/11694\/revisions\/11929"}],"wp:attachment":[{"href":"https:\/\/www.dd-secondhome.nl\/de\/wp-json\/wp\/v2\/media?parent=11694"}],"curies":[{"name":"wp","href":"https:\/\/api.w.org\/{rel}","templated":true}]}}