{"id":11698,"date":"2024-03-18T09:05:33","date_gmt":"2024-03-18T08:05:33","guid":{"rendered":"https:\/\/www.dd-secondhome.nl\/dd-immobilien-marketing\/"},"modified":"2024-07-24T12:51:41","modified_gmt":"2024-07-24T11:51:41","slug":"dd-immobilien-marketing","status":"publish","type":"page","link":"https:\/\/www.dd-secondhome.nl\/de\/dd-immobilien-marketing\/","title":{"rendered":"D&amp;D Immobilien Marketing"},"content":{"rendered":"\t\t<div data-elementor-type=\"wp-page\" data-elementor-id=\"11698\" class=\"elementor elementor-11698 elementor-9568\" data-elementor-post-type=\"page\">\n\t\t\t\t<div class=\"elementor-element elementor-element-ab6c8f7 e-flex e-con-boxed e-con e-parent\" data-id=\"ab6c8f7\" data-element_type=\"container\" data-settings=\"{&quot;background_background&quot;:&quot;classic&quot;}\">\n\t\t\t\t\t<div class=\"e-con-inner\">\n\t\t\t\t<div class=\"elementor-element elementor-element-5db0258 elementor-widget elementor-widget-heading\" data-id=\"5db0258\" data-element_type=\"widget\" data-widget_type=\"heading.default\">\n\t\t\t\t<div class=\"elementor-widget-container\">\n\t\t\t\t\t<h1 class=\"elementor-heading-title elementor-size-default\">D&amp;D Immobilien Marketing<\/h1>\t\t\t\t<\/div>\n\t\t\t\t<\/div>\n\t\t\t\t\t<\/div>\n\t\t\t\t<\/div>\n\t\t<div class=\"elementor-element elementor-element-949ee0c e-flex e-con-boxed e-con e-parent\" data-id=\"949ee0c\" data-element_type=\"container\">\n\t\t\t\t\t<div class=\"e-con-inner\">\n\t\t\t\t<div class=\"elementor-element elementor-element-5d31c31 elementor-widget elementor-widget-heading\" data-id=\"5d31c31\" data-element_type=\"widget\" data-widget_type=\"heading.default\">\n\t\t\t\t<div class=\"elementor-widget-container\">\n\t\t\t\t\t<h2 class=\"elementor-heading-title elementor-size-default\">Immobilien Marketing und Kommunikation<\/h2>\t\t\t\t<\/div>\n\t\t\t\t<\/div>\n\t\t\t\t<div class=\"elementor-element elementor-element-8bc8c08 elementor-widget elementor-widget-text-editor\" data-id=\"8bc8c08\" data-element_type=\"widget\" data-widget_type=\"text-editor.default\">\n\t\t\t\t<div class=\"elementor-widget-container\">\n\t\t\t\t\t\t\t\t\t<p><span style=\"font-weight: 400;\">(Immobilien-)Projekte so zu \u00fcbersetzen, dass sie die richtige Zielgruppe erreichen, erfordert kreatives Denken, um den richtigen Ton zu treffen. Wir wissen, dass es beim Verkauf von Freizeitimmobilien nicht nur darum geht, ein Projekt zu pr\u00e4sentieren, sondern ein unvergessliches Erlebnis zu schaffen. In einer Zeit, in der es eine Vielzahl von Vermarktungsm\u00f6glichkeiten gibt, ist es wichtig, eine fundierte Auswahl zu treffen.<\/span><\/p>\n<p class=\"p2\">\n<p><span style=\"font-weight: 400;\">Als erfahrene Profis auf dem Immobilienmarkt und im Marketing wissen wir, wie man diese beiden Welten perfekt miteinander verbindet. Unsere Leidenschaft ist es, f\u00fcr jedes Immobilienprojekt die richtige Zielgruppe zu finden. Wir f\u00fchren mit Ihnen ein Gespr\u00e4ch, um die einzigartigen Merkmale Ihres Freizeitimmobilienprojekts zu verstehen. Anschlie\u00dfend entwickeln wir eine ma\u00dfgeschneiderte Marketingstrategie, bei der wir eine Vielzahl von Instrumenten einsetzen.<\/span><\/p>\n\t\t\t\t\t\t\t\t<\/div>\n\t\t\t\t<\/div>\n\t\t\t\t\t<\/div>\n\t\t\t\t<\/div>\n\t\t<div class=\"elementor-element elementor-element-7f129ce e-flex e-con-boxed e-con e-parent\" data-id=\"7f129ce\" data-element_type=\"container\" data-settings=\"{&quot;background_background&quot;:&quot;classic&quot;}\">\n\t\t\t\t\t<div class=\"e-con-inner\">\n\t\t<div class=\"elementor-element elementor-element-4cb71fb e-con-full e-flex e-con e-child\" data-id=\"4cb71fb\" data-element_type=\"container\">\n\t\t\t\t<div class=\"elementor-element elementor-element-a7b0252 elementor-widget elementor-widget-heading\" data-id=\"a7b0252\" data-element_type=\"widget\" data-widget_type=\"heading.default\">\n\t\t\t\t<div class=\"elementor-widget-container\">\n\t\t\t\t\t<h2 class=\"elementor-heading-title elementor-size-default\">Zielgruppenanalyse:<\/h2>\t\t\t\t<\/div>\n\t\t\t\t<\/div>\n\t\t\t\t<div class=\"elementor-element elementor-element-b1fd00b elementor-widget elementor-widget-text-editor\" data-id=\"b1fd00b\" data-element_type=\"widget\" data-widget_type=\"text-editor.default\">\n\t\t\t\t<div class=\"elementor-widget-container\">\n\t\t\t\t\t\t\t\t\t<p><span style=\"font-weight: 400;\">Jedes Projekt beginnt mit einer gr\u00fcndlichen Analyse der Zielgruppe. Jedes Projekt ist einzigartig und so auch seine Zielgruppe. Auf dieser Grundlage entwickeln wir eine ma\u00dfgeschneiderte Marketingstrategie.<\/span><\/p>\n\t\t\t\t\t\t\t\t<\/div>\n\t\t\t\t<\/div>\n\t\t<div class=\"elementor-element elementor-element-af275b7 e-flex e-con-boxed e-con e-child\" data-id=\"af275b7\" data-element_type=\"container\">\n\t\t\t\t\t<div class=\"e-con-inner\">\n\t\t\t\t<div class=\"elementor-element elementor-element-e7e825f elementor-widget elementor-widget-heading\" data-id=\"e7e825f\" data-element_type=\"widget\" data-widget_type=\"heading.default\">\n\t\t\t\t<div class=\"elementor-widget-container\">\n\t\t\t\t\t<h2 class=\"elementor-heading-title elementor-size-default\">Websites und Online-Marketing:<\/h2>\t\t\t\t<\/div>\n\t\t\t\t<\/div>\n\t\t\t\t<div class=\"elementor-element elementor-element-ef556d4 elementor-widget elementor-widget-text-editor\" data-id=\"ef556d4\" data-element_type=\"widget\" data-widget_type=\"text-editor.default\">\n\t\t\t\t<div class=\"elementor-widget-container\">\n\t\t\t\t\t\t\t\t\t<p><span style=\"font-weight: 400;\">Eine Website ist heute f\u00fcr jedes Verkaufsprojekt unverzichtbar, insbesondere im Immobiliensektor, wo die mobile Funktionalit\u00e4t eine wichtige Rolle spielt. Aber eine digitale Pr\u00e4sentation allein reicht nicht aus ohne einen effektiven Online-Marketingplan. Wir nehmen Ihnen diese Sorgen ab, indem wir die richtigen Inhalte f\u00fcr Ihre Website und Ihre Social-Media-Kan\u00e4le erstellen.<\/span><\/p>\n\t\t\t\t\t\t\t\t<\/div>\n\t\t\t\t<\/div>\n\t\t\t\t\t<\/div>\n\t\t\t\t<\/div>\n\t\t\t\t<\/div>\n\t\t<div class=\"elementor-element elementor-element-c512919 e-con-full e-flex e-con e-child\" data-id=\"c512919\" data-element_type=\"container\">\n\t\t\t\t<div class=\"elementor-element elementor-element-62ba209 elementor-widget elementor-widget-image\" data-id=\"62ba209\" data-element_type=\"widget\" data-widget_type=\"image.default\">\n\t\t\t\t<div class=\"elementor-widget-container\">\n\t\t\t\t\t\t\t\t\t\t\t\t\t\t\t<img fetchpriority=\"high\" decoding=\"async\" width=\"640\" height=\"480\" src=\"https:\/\/www.dd-secondhome.nl\/wp-content\/uploads\/2024\/07\/over-ons-1-1.jpg\" class=\"attachment-large size-large wp-image-11852\" alt=\"\" srcset=\"https:\/\/www.dd-secondhome.nl\/wp-content\/uploads\/2024\/07\/over-ons-1-1.jpg 640w, https:\/\/www.dd-secondhome.nl\/wp-content\/uploads\/2024\/07\/over-ons-1-1-300x225.jpg 300w\" sizes=\"(max-width: 640px) 100vw, 640px\" \/>\t\t\t\t\t\t\t\t\t\t\t\t\t\t\t<\/div>\n\t\t\t\t<\/div>\n\t\t\t\t<\/div>\n\t\t\t\t\t<\/div>\n\t\t\t\t<\/div>\n\t\t<div class=\"elementor-element elementor-element-2b0ac26 e-flex e-con-boxed e-con e-parent\" data-id=\"2b0ac26\" data-element_type=\"container\">\n\t\t\t\t\t<div class=\"e-con-inner\">\n\t\t<div class=\"elementor-element elementor-element-6db3d59 e-con-full e-flex e-con e-child\" data-id=\"6db3d59\" data-element_type=\"container\">\n\t\t\t\t<div class=\"elementor-element elementor-element-d097312 elementor-widget elementor-widget-image\" data-id=\"d097312\" data-element_type=\"widget\" data-widget_type=\"image.default\">\n\t\t\t\t<div class=\"elementor-widget-container\">\n\t\t\t\t\t\t\t\t\t\t\t\t\t\t\t<img decoding=\"async\" width=\"360\" height=\"480\" src=\"https:\/\/www.dd-secondhome.nl\/wp-content\/uploads\/2024\/07\/Afbeelding9.jpg\" class=\"attachment-large size-large wp-image-11858\" alt=\"\" srcset=\"https:\/\/www.dd-secondhome.nl\/wp-content\/uploads\/2024\/07\/Afbeelding9.jpg 360w, https:\/\/www.dd-secondhome.nl\/wp-content\/uploads\/2024\/07\/Afbeelding9-225x300.jpg 225w\" sizes=\"(max-width: 360px) 100vw, 360px\" \/>\t\t\t\t\t\t\t\t\t\t\t\t\t\t\t<\/div>\n\t\t\t\t<\/div>\n\t\t\t\t<\/div>\n\t\t<div class=\"elementor-element elementor-element-ce72cee e-con-full e-flex e-con e-child\" data-id=\"ce72cee\" data-element_type=\"container\">\n\t\t\t\t<div class=\"elementor-element elementor-element-9f6cde4 elementor-widget elementor-widget-heading\" data-id=\"9f6cde4\" data-element_type=\"widget\" data-widget_type=\"heading.default\">\n\t\t\t\t<div class=\"elementor-widget-container\">\n\t\t\t\t\t<h2 class=\"elementor-heading-title elementor-size-default\">Direktmarketing:<\/h2>\t\t\t\t<\/div>\n\t\t\t\t<\/div>\n\t\t\t\t<div class=\"elementor-element elementor-element-61dcb71 elementor-widget elementor-widget-text-editor\" data-id=\"61dcb71\" data-element_type=\"widget\" data-widget_type=\"text-editor.default\">\n\t\t\t\t<div class=\"elementor-widget-container\">\n\t\t\t\t\t\t\t\t\t<p><span style=\"font-weight: 400;\">Sprechen Sie potenzielle K\u00e4ufer mit gezielten und effektiven Direktmarketingkampagnen an, immer unterst\u00fctzt durch eine gr\u00fcndliche Nutzer- und Datenanalyse.<\/span><\/p>\n\t\t\t\t\t\t\t\t<\/div>\n\t\t\t\t<\/div>\n\t\t\t\t<div class=\"elementor-element elementor-element-c579d67 elementor-widget elementor-widget-heading\" data-id=\"c579d67\" data-element_type=\"widget\" data-widget_type=\"heading.default\">\n\t\t\t\t<div class=\"elementor-widget-container\">\n\t\t\t\t\t<h2 class=\"elementor-heading-title elementor-size-default\">Professionelle Pr\u00e4sentationen:<\/h2>\t\t\t\t<\/div>\n\t\t\t\t<\/div>\n\t\t\t\t<div class=\"elementor-element elementor-element-5c1aaff elementor-widget elementor-widget-text-editor\" data-id=\"5c1aaff\" data-element_type=\"widget\" data-widget_type=\"text-editor.default\">\n\t\t\t\t<div class=\"elementor-widget-container\">\n\t\t\t\t\t\t\t\t\t<p><span style=\"font-weight: 400;\">Wir erstellen professionelle Pr\u00e4sentationsmaterialien, sowohl in gedruckter als auch in digitaler Form, die Ihr Projekt potenziellen K\u00e4ufern attraktiv und \u00fcberzeugend pr\u00e4sentieren.<\/span><\/p>\n\t\t\t\t\t\t\t\t<\/div>\n\t\t\t\t<\/div>\n\t\t\t\t<div class=\"elementor-element elementor-element-5f74721 elementor-widget elementor-widget-heading\" data-id=\"5f74721\" data-element_type=\"widget\" data-widget_type=\"heading.default\">\n\t\t\t\t<div class=\"elementor-widget-container\">\n\t\t\t\t\t<h2 class=\"elementor-heading-title elementor-size-default\">K\u00fcnstlerische Impressionen:<\/h2>\t\t\t\t<\/div>\n\t\t\t\t<\/div>\n\t\t\t\t<div class=\"elementor-element elementor-element-3e5adbc elementor-widget elementor-widget-text-editor\" data-id=\"3e5adbc\" data-element_type=\"widget\" data-widget_type=\"text-editor.default\">\n\t\t\t\t<div class=\"elementor-widget-container\">\n\t\t\t\t\t\t\t\t\t<p><span style=\"font-weight: 400;\">In der Welt der visuellen Kommunikation sagen Bilder oft mehr als Worte. Lebendige k\u00fcnstlerische Eindr\u00fccke von au\u00dfen und innen erwecken Ihr Traumprojekt zum Leben.<\/span><\/p>\n\t\t\t\t\t\t\t\t<\/div>\n\t\t\t\t<\/div>\n\t\t\t\t<\/div>\n\t\t\t\t\t<\/div>\n\t\t\t\t<\/div>\n\t\t<div class=\"elementor-element elementor-element-b6ce997 e-flex e-con-boxed e-con e-parent\" data-id=\"b6ce997\" data-element_type=\"container\">\n\t\t\t\t\t<div class=\"e-con-inner\">\n\t\t<div class=\"elementor-element elementor-element-82cdb72 e-con-full e-flex e-con e-child\" data-id=\"82cdb72\" data-element_type=\"container\">\n\t\t\t\t<div class=\"elementor-element elementor-element-a4815e1 elementor-widget elementor-widget-heading\" data-id=\"a4815e1\" data-element_type=\"widget\" data-widget_type=\"heading.default\">\n\t\t\t\t<div class=\"elementor-widget-container\">\n\t\t\t\t\t<h2 class=\"elementor-heading-title elementor-size-default\">3D-Pl\u00e4ne:<\/h2>\t\t\t\t<\/div>\n\t\t\t\t<\/div>\n\t\t\t\t<div class=\"elementor-element elementor-element-be09db3 elementor-widget elementor-widget-text-editor\" data-id=\"be09db3\" data-element_type=\"widget\" data-widget_type=\"text-editor.default\">\n\t\t\t\t<div class=\"elementor-widget-container\">\n\t\t\t\t\t\t\t\t\t<p><span style=\"font-weight: 400;\">Wir pr\u00e4sentieren die technischen Zeichnungen Ihres Projektes anschaulich und verst\u00e4ndlich f\u00fcr Ihr Zielpublikum.<\/span><\/p>\n\t\t\t\t\t\t\t\t<\/div>\n\t\t\t\t<\/div>\n\t\t\t\t<div class=\"elementor-element elementor-element-6a623ee elementor-widget elementor-widget-heading\" data-id=\"6a623ee\" data-element_type=\"widget\" data-widget_type=\"heading.default\">\n\t\t\t\t<div class=\"elementor-widget-container\">\n\t\t\t\t\t<h2 class=\"elementor-heading-title elementor-size-default\">Messeteilnahme \/ Tag der offenen T\u00fcr:<\/h2>\t\t\t\t<\/div>\n\t\t\t\t<\/div>\n\t\t\t\t<div class=\"elementor-element elementor-element-d4bd200 elementor-widget elementor-widget-text-editor\" data-id=\"d4bd200\" data-element_type=\"widget\" data-widget_type=\"text-editor.default\">\n\t\t\t\t<div class=\"elementor-widget-container\">\n\t\t\t\t\t\t\t\t\t<p><span style=\"font-weight: 400;\">Mit Begeisterung vertreten wir Ihr Projekt dort, wo Ihre Zielgruppe aktiv nach Informationen sucht.<\/span><\/p>\n<p class=\"p2\">\n<p><span style=\"font-weight: 400;\">Mit unserer Erfahrung und unserem Engagement in der Vermarktung von Freizeitimmobilien sind wir bereit, Ihr Projekt zu neuen H\u00f6hen zu f\u00fchren. Gemeinsam mit Ihnen entwickeln wir eine zielgerichtete Strategie, die die Besonderheiten Ihrer Immobilie hervorhebt und die Aufmerksamkeit der richtigen Zielgruppe weckt.<\/span><\/p>\n<p class=\"p2\">\n<p><span style=\"font-weight: 400;\">Entdecken Sie, wie wir Ihr Projekt mit Enthusiasmus und Professionalit\u00e4t vermarkten. Lernen Sie uns kennen!<\/span><\/p>\n\t\t\t\t\t\t\t\t<\/div>\n\t\t\t\t<\/div>\n\t\t\t\t<\/div>\n\t\t<div class=\"elementor-element elementor-element-38a1040 e-con-full e-flex e-con e-child\" data-id=\"38a1040\" data-element_type=\"container\">\n\t\t\t\t<div class=\"elementor-element elementor-element-290b814 elementor-widget elementor-widget-image\" data-id=\"290b814\" data-element_type=\"widget\" data-widget_type=\"image.default\">\n\t\t\t\t<div class=\"elementor-widget-container\">\n\t\t\t\t\t\t\t\t\t\t\t\t\t\t\t<img decoding=\"async\" width=\"480\" height=\"640\" src=\"https:\/\/www.dd-secondhome.nl\/wp-content\/uploads\/2024\/07\/over-ons-2.jpg\" class=\"attachment-large size-large wp-image-11849\" alt=\"\" srcset=\"https:\/\/www.dd-secondhome.nl\/wp-content\/uploads\/2024\/07\/over-ons-2.jpg 480w, https:\/\/www.dd-secondhome.nl\/wp-content\/uploads\/2024\/07\/over-ons-2-225x300.jpg 225w\" sizes=\"(max-width: 480px) 100vw, 480px\" \/>\t\t\t\t\t\t\t\t\t\t\t\t\t\t\t<\/div>\n\t\t\t\t<\/div>\n\t\t\t\t<\/div>\n\t\t\t\t\t<\/div>\n\t\t\t\t<\/div>\n\t\t\t\t<\/div>\n\t\t","protected":false},"excerpt":{"rendered":"<p>D&amp;D Immobilien Marketing Immobilien Marketing und Kommunikation (Immobilien-)Projekte so zu \u00fcbersetzen, dass sie die richtige Zielgruppe erreichen, erfordert kreatives Denken, um den richtigen Ton zu treffen. Wir wissen, dass es beim Verkauf von Freizeitimmobilien nicht nur darum geht, ein Projekt zu pr\u00e4sentieren, sondern ein unvergessliches Erlebnis zu schaffen. In einer Zeit, in der es eine [&hellip;]<\/p>\n","protected":false},"author":1,"featured_media":0,"parent":0,"menu_order":0,"comment_status":"closed","ping_status":"closed","template":"","meta":{"_acf_changed":false,"footnotes":""},"class_list":["post-11698","page","type-page","status-publish","hentry"],"acf":[],"yoast_head":"<!-- This site is optimized with the Yoast SEO plugin v25.4 - https:\/\/yoast.com\/wordpress\/plugins\/seo\/ -->\n<title>D&amp;D Immobilien Marketing - D&amp;D Second Home<\/title>\n<meta name=\"robots\" content=\"index, follow, max-snippet:-1, max-image-preview:large, max-video-preview:-1\" \/>\n<link rel=\"canonical\" href=\"https:\/\/www.dd-secondhome.nl\/de\/dd-immobilien-marketing\/\" \/>\n<meta property=\"og:locale\" content=\"de_DE\" \/>\n<meta property=\"og:type\" content=\"article\" \/>\n<meta property=\"og:title\" content=\"D&amp;D Immobilien Marketing - D&amp;D Second Home\" \/>\n<meta property=\"og:description\" content=\"D&amp;D Immobilien Marketing Immobilien Marketing und Kommunikation (Immobilien-)Projekte so zu \u00fcbersetzen, dass sie die richtige Zielgruppe erreichen, erfordert kreatives Denken, um den richtigen Ton zu treffen. Wir wissen, dass es beim Verkauf von Freizeitimmobilien nicht nur darum geht, ein Projekt zu pr\u00e4sentieren, sondern ein unvergessliches Erlebnis zu schaffen. In einer Zeit, in der es eine [&hellip;]\" \/>\n<meta property=\"og:url\" content=\"https:\/\/www.dd-secondhome.nl\/de\/dd-immobilien-marketing\/\" \/>\n<meta property=\"og:site_name\" content=\"D&amp;D Second Home\" \/>\n<meta property=\"article:modified_time\" content=\"2024-07-24T11:51:41+00:00\" \/>\n<meta property=\"og:image\" content=\"https:\/\/www.dd-secondhome.nl\/wp-content\/uploads\/2024\/07\/over-ons-1-1.jpg\" \/>\n<meta name=\"twitter:card\" content=\"summary_large_image\" \/>\n<meta name=\"twitter:label1\" content=\"Gesch\u00e4tzte Lesezeit\" \/>\n\t<meta name=\"twitter:data1\" content=\"2\u00a0Minuten\" \/>\n<script type=\"application\/ld+json\" class=\"yoast-schema-graph\">{\"@context\":\"https:\/\/schema.org\",\"@graph\":[{\"@type\":\"WebPage\",\"@id\":\"https:\/\/www.dd-secondhome.nl\/de\/dd-immobilien-marketing\/\",\"url\":\"https:\/\/www.dd-secondhome.nl\/de\/dd-immobilien-marketing\/\",\"name\":\"D&amp;D Immobilien Marketing - D&amp;D Second Home\",\"isPartOf\":{\"@id\":\"https:\/\/www.dd-secondhome.nl\/de\/#website\"},\"primaryImageOfPage\":{\"@id\":\"https:\/\/www.dd-secondhome.nl\/de\/dd-immobilien-marketing\/#primaryimage\"},\"image\":{\"@id\":\"https:\/\/www.dd-secondhome.nl\/de\/dd-immobilien-marketing\/#primaryimage\"},\"thumbnailUrl\":\"https:\/\/www.dd-secondhome.nl\/wp-content\/uploads\/2024\/07\/over-ons-1-1.jpg\",\"datePublished\":\"2024-03-18T08:05:33+00:00\",\"dateModified\":\"2024-07-24T11:51:41+00:00\",\"breadcrumb\":{\"@id\":\"https:\/\/www.dd-secondhome.nl\/de\/dd-immobilien-marketing\/#breadcrumb\"},\"inLanguage\":\"de\",\"potentialAction\":[{\"@type\":\"ReadAction\",\"target\":[\"https:\/\/www.dd-secondhome.nl\/de\/dd-immobilien-marketing\/\"]}]},{\"@type\":\"ImageObject\",\"inLanguage\":\"de\",\"@id\":\"https:\/\/www.dd-secondhome.nl\/de\/dd-immobilien-marketing\/#primaryimage\",\"url\":\"https:\/\/www.dd-secondhome.nl\/wp-content\/uploads\/2024\/07\/over-ons-1-1.jpg\",\"contentUrl\":\"https:\/\/www.dd-secondhome.nl\/wp-content\/uploads\/2024\/07\/over-ons-1-1.jpg\"},{\"@type\":\"BreadcrumbList\",\"@id\":\"https:\/\/www.dd-secondhome.nl\/de\/dd-immobilien-marketing\/#breadcrumb\",\"itemListElement\":[{\"@type\":\"ListItem\",\"position\":1,\"name\":\"Home\",\"item\":\"https:\/\/www.dd-secondhome.nl\/de\/\"},{\"@type\":\"ListItem\",\"position\":2,\"name\":\"D&amp;D Immobilien Marketing\"}]},{\"@type\":\"WebSite\",\"@id\":\"https:\/\/www.dd-secondhome.nl\/de\/#website\",\"url\":\"https:\/\/www.dd-secondhome.nl\/de\/\",\"name\":\"D&amp;D Second Home\",\"description\":\"\",\"potentialAction\":[{\"@type\":\"SearchAction\",\"target\":{\"@type\":\"EntryPoint\",\"urlTemplate\":\"https:\/\/www.dd-secondhome.nl\/de\/?s={search_term_string}\"},\"query-input\":{\"@type\":\"PropertyValueSpecification\",\"valueRequired\":true,\"valueName\":\"search_term_string\"}}],\"inLanguage\":\"de\"}]}<\/script>\n<!-- \/ Yoast SEO plugin. -->","yoast_head_json":{"title":"D&amp;D Immobilien Marketing - D&amp;D Second Home","robots":{"index":"index","follow":"follow","max-snippet":"max-snippet:-1","max-image-preview":"max-image-preview:large","max-video-preview":"max-video-preview:-1"},"canonical":"https:\/\/www.dd-secondhome.nl\/de\/dd-immobilien-marketing\/","og_locale":"de_DE","og_type":"article","og_title":"D&amp;D Immobilien Marketing - D&amp;D Second Home","og_description":"D&amp;D Immobilien Marketing Immobilien Marketing und Kommunikation (Immobilien-)Projekte so zu \u00fcbersetzen, dass sie die richtige Zielgruppe erreichen, erfordert kreatives Denken, um den richtigen Ton zu treffen. Wir wissen, dass es beim Verkauf von Freizeitimmobilien nicht nur darum geht, ein Projekt zu pr\u00e4sentieren, sondern ein unvergessliches Erlebnis zu schaffen. In einer Zeit, in der es eine [&hellip;]","og_url":"https:\/\/www.dd-secondhome.nl\/de\/dd-immobilien-marketing\/","og_site_name":"D&amp;D Second Home","article_modified_time":"2024-07-24T11:51:41+00:00","og_image":[{"url":"https:\/\/www.dd-secondhome.nl\/wp-content\/uploads\/2024\/07\/over-ons-1-1.jpg","type":"","width":"","height":""}],"twitter_card":"summary_large_image","twitter_misc":{"Gesch\u00e4tzte Lesezeit":"2\u00a0Minuten"},"schema":{"@context":"https:\/\/schema.org","@graph":[{"@type":"WebPage","@id":"https:\/\/www.dd-secondhome.nl\/de\/dd-immobilien-marketing\/","url":"https:\/\/www.dd-secondhome.nl\/de\/dd-immobilien-marketing\/","name":"D&amp;D Immobilien Marketing - D&amp;D Second Home","isPartOf":{"@id":"https:\/\/www.dd-secondhome.nl\/de\/#website"},"primaryImageOfPage":{"@id":"https:\/\/www.dd-secondhome.nl\/de\/dd-immobilien-marketing\/#primaryimage"},"image":{"@id":"https:\/\/www.dd-secondhome.nl\/de\/dd-immobilien-marketing\/#primaryimage"},"thumbnailUrl":"https:\/\/www.dd-secondhome.nl\/wp-content\/uploads\/2024\/07\/over-ons-1-1.jpg","datePublished":"2024-03-18T08:05:33+00:00","dateModified":"2024-07-24T11:51:41+00:00","breadcrumb":{"@id":"https:\/\/www.dd-secondhome.nl\/de\/dd-immobilien-marketing\/#breadcrumb"},"inLanguage":"de","potentialAction":[{"@type":"ReadAction","target":["https:\/\/www.dd-secondhome.nl\/de\/dd-immobilien-marketing\/"]}]},{"@type":"ImageObject","inLanguage":"de","@id":"https:\/\/www.dd-secondhome.nl\/de\/dd-immobilien-marketing\/#primaryimage","url":"https:\/\/www.dd-secondhome.nl\/wp-content\/uploads\/2024\/07\/over-ons-1-1.jpg","contentUrl":"https:\/\/www.dd-secondhome.nl\/wp-content\/uploads\/2024\/07\/over-ons-1-1.jpg"},{"@type":"BreadcrumbList","@id":"https:\/\/www.dd-secondhome.nl\/de\/dd-immobilien-marketing\/#breadcrumb","itemListElement":[{"@type":"ListItem","position":1,"name":"Home","item":"https:\/\/www.dd-secondhome.nl\/de\/"},{"@type":"ListItem","position":2,"name":"D&amp;D Immobilien Marketing"}]},{"@type":"WebSite","@id":"https:\/\/www.dd-secondhome.nl\/de\/#website","url":"https:\/\/www.dd-secondhome.nl\/de\/","name":"D&amp;D Second Home","description":"","potentialAction":[{"@type":"SearchAction","target":{"@type":"EntryPoint","urlTemplate":"https:\/\/www.dd-secondhome.nl\/de\/?s={search_term_string}"},"query-input":{"@type":"PropertyValueSpecification","valueRequired":true,"valueName":"search_term_string"}}],"inLanguage":"de"}]}},"_links":{"self":[{"href":"https:\/\/www.dd-secondhome.nl\/de\/wp-json\/wp\/v2\/pages\/11698","targetHints":{"allow":["GET"]}}],"collection":[{"href":"https:\/\/www.dd-secondhome.nl\/de\/wp-json\/wp\/v2\/pages"}],"about":[{"href":"https:\/\/www.dd-secondhome.nl\/de\/wp-json\/wp\/v2\/types\/page"}],"author":[{"embeddable":true,"href":"https:\/\/www.dd-secondhome.nl\/de\/wp-json\/wp\/v2\/users\/1"}],"replies":[{"embeddable":true,"href":"https:\/\/www.dd-secondhome.nl\/de\/wp-json\/wp\/v2\/comments?post=11698"}],"version-history":[{"count":2,"href":"https:\/\/www.dd-secondhome.nl\/de\/wp-json\/wp\/v2\/pages\/11698\/revisions"}],"predecessor-version":[{"id":11934,"href":"https:\/\/www.dd-secondhome.nl\/de\/wp-json\/wp\/v2\/pages\/11698\/revisions\/11934"}],"wp:attachment":[{"href":"https:\/\/www.dd-secondhome.nl\/de\/wp-json\/wp\/v2\/media?parent=11698"}],"curies":[{"name":"wp","href":"https:\/\/api.w.org\/{rel}","templated":true}]}}