{"id":11702,"date":"2024-03-18T08:55:44","date_gmt":"2024-03-18T07:55:44","guid":{"rendered":"https:\/\/www.dd-secondhome.nl\/dd-verkauf\/"},"modified":"2024-07-24T13:58:11","modified_gmt":"2024-07-24T12:58:11","slug":"dd-verkauf","status":"publish","type":"page","link":"https:\/\/www.dd-secondhome.nl\/de\/dd-verkauf\/","title":{"rendered":"D&amp;D Verkauf"},"content":{"rendered":"\t\t<div data-elementor-type=\"wp-page\" data-elementor-id=\"11702\" class=\"elementor elementor-11702 elementor-9566\" data-elementor-post-type=\"page\">\n\t\t\t\t<div class=\"elementor-element elementor-element-8ec9700 e-flex e-con-boxed e-con e-parent\" data-id=\"8ec9700\" data-element_type=\"container\" data-settings=\"{&quot;background_background&quot;:&quot;classic&quot;}\">\n\t\t\t\t\t<div class=\"e-con-inner\">\n\t\t\t\t<div class=\"elementor-element elementor-element-ec6bde9 elementor-widget elementor-widget-heading\" data-id=\"ec6bde9\" data-element_type=\"widget\" data-widget_type=\"heading.default\">\n\t\t\t\t<div class=\"elementor-widget-container\">\n\t\t\t\t\t<h1 class=\"elementor-heading-title elementor-size-default\">D&amp;D Verkauf<\/h1>\t\t\t\t<\/div>\n\t\t\t\t<\/div>\n\t\t\t\t\t<\/div>\n\t\t\t\t<\/div>\n\t\t<div class=\"elementor-element elementor-element-f5f4ca2 e-flex e-con-boxed e-con e-parent\" data-id=\"f5f4ca2\" data-element_type=\"container\" data-settings=\"{&quot;background_background&quot;:&quot;classic&quot;}\">\n\t\t\t\t\t<div class=\"e-con-inner\">\n\t\t\t\t<div class=\"elementor-element elementor-element-3201f28 elementor-widget elementor-widget-image\" data-id=\"3201f28\" data-element_type=\"widget\" data-widget_type=\"image.default\">\n\t\t\t\t<div class=\"elementor-widget-container\">\n\t\t\t\t\t\t\t\t\t\t\t\t\t\t\t<img fetchpriority=\"high\" decoding=\"async\" width=\"800\" height=\"100\" src=\"https:\/\/www.dd-secondhome.nl\/wp-content\/uploads\/2024\/03\/Banner-DD-Second-Home-Full-servic-pakket-1024x128.jpg\" class=\"attachment-large size-large wp-image-11381\" alt=\"\" srcset=\"https:\/\/www.dd-secondhome.nl\/wp-content\/uploads\/2024\/03\/Banner-DD-Second-Home-Full-servic-pakket-1024x128.jpg 1024w, https:\/\/www.dd-secondhome.nl\/wp-content\/uploads\/2024\/03\/Banner-DD-Second-Home-Full-servic-pakket-300x38.jpg 300w, https:\/\/www.dd-secondhome.nl\/wp-content\/uploads\/2024\/03\/Banner-DD-Second-Home-Full-servic-pakket-768x96.jpg 768w, https:\/\/www.dd-secondhome.nl\/wp-content\/uploads\/2024\/03\/Banner-DD-Second-Home-Full-servic-pakket-1536x192.jpg 1536w, https:\/\/www.dd-secondhome.nl\/wp-content\/uploads\/2024\/03\/Banner-DD-Second-Home-Full-servic-pakket-2048x256.jpg 2048w\" sizes=\"(max-width: 800px) 100vw, 800px\" \/>\t\t\t\t\t\t\t\t\t\t\t\t\t\t\t<\/div>\n\t\t\t\t<\/div>\n\t\t\t\t\t<\/div>\n\t\t\t\t<\/div>\n\t\t<div class=\"elementor-element elementor-element-8c68db3 e-flex e-con-boxed e-con e-parent\" data-id=\"8c68db3\" data-element_type=\"container\">\n\t\t\t\t\t<div class=\"e-con-inner\">\n\t\t\t\t<div class=\"elementor-element elementor-element-6c6c12c elementor-widget elementor-widget-heading\" data-id=\"6c6c12c\" data-element_type=\"widget\" data-widget_type=\"heading.default\">\n\t\t\t\t<div class=\"elementor-widget-container\">\n\t\t\t\t\t<h2 class=\"elementor-heading-title elementor-size-default\">Das D&amp;D \u201eSecond Home-Full-Service-Verkauf\u201c Paket<\/h2>\t\t\t\t<\/div>\n\t\t\t\t<\/div>\n\t\t\t\t<div class=\"elementor-element elementor-element-5295156 elementor-widget elementor-widget-text-editor\" data-id=\"5295156\" data-element_type=\"widget\" data-widget_type=\"text-editor.default\">\n\t\t\t\t<div class=\"elementor-widget-container\">\n\t\t\t\t\t\t\t\t\t<p><span style=\"font-weight: 400;\">Sind Sie ein Projektentwickler, der sein Freizeitprojekt optimal vermarkten und verkaufen m\u00f6chte? Oder sind Sie eine Privatperson, die ein Freizeitheim besitzt und es zum Verkauf anbieten m\u00f6chte?<\/span><\/p>\n<p class=\"p1\">\n<p><span style=\"font-weight: 400;\">**Unsere Dienstleistungen f\u00fcr einen erfolgreichen Verkauf**<\/span><\/p>\n<p class=\"p1\">\n<p><span style=\"font-weight: 400;\">Wir von D&amp;D sind mit den Besonderheiten des Freizeitmarktes vertraut. Wir bieten Ihnen ein umfassendes Angebot an Dienstleistungen, damit der Verkauf Ihrer Immobilie oder Ihres Projekts reibungslos \u00fcber die B\u00fchne geht:<\/span><\/p>\n\t\t\t\t\t\t\t\t<\/div>\n\t\t\t\t<\/div>\n\t\t\t\t\t<\/div>\n\t\t\t\t<\/div>\n\t\t<div class=\"elementor-element elementor-element-b977072 e-flex e-con-boxed e-con e-parent\" data-id=\"b977072\" data-element_type=\"container\">\n\t\t\t\t\t<div class=\"e-con-inner\">\n\t\t<div class=\"elementor-element elementor-element-28bc9dd e-con-full e-flex e-con e-child\" data-id=\"28bc9dd\" data-element_type=\"container\">\n\t\t\t\t<div class=\"elementor-element elementor-element-fa9102b elementor-widget elementor-widget-text-editor\" data-id=\"fa9102b\" data-element_type=\"widget\" data-widget_type=\"text-editor.default\">\n\t\t\t\t<div class=\"elementor-widget-container\">\n\t\t\t\t\t\t\t\t\t<p><span style=\"font-weight: 400;\">&#8211; Marktanalyse und Bewertung: Unser erster Schritt ist eine gr\u00fcndliche Marktanalyse, um den optimalen Verkaufspreis zu ermitteln. Wir streben den bestm\u00f6glichen Preis an, basierend auf aktuellen Markttrends und vergleichbaren Verk\u00e4ufen.<\/span><\/p>\n<p>&nbsp;<\/p>\n<p><span style=\"font-weight: 400;\">&#8211; Professionelle Vermarktung:<\/span><\/p>\n<p>&nbsp;<\/p>\n<p><span style=\"font-weight: 400;\">Mit professionellen Pr\u00e4sentationen, attraktiven Brosch\u00fcren, umfangreichem Online- und Offline-Marketing und einer effektiven Marketingstrategie machen wir potenzielle K\u00e4ufer auf Ihre Immobilie oder Ihr Projekt aufmerksam. Wir wissen, wie wichtig ein guter erster Eindruck ist, und werden Ihre Immobilie perfekt pr\u00e4sentieren.<\/span><\/p>\n<p>&nbsp;<\/p>\n<p><span style=\"font-weight: 400;\">&#8211; Besichtigungen und Verhandlungen: Wir organisieren Besichtigungen und f\u00fchren Verhandlungen im Namen unserer Kunden.<\/span><\/p>\n<p>&nbsp;<\/p>\n<p><span style=\"font-weight: 400;\">&#8211; Rechtliche Unterst\u00fctzung: Der Verkauf eines Ferienhauses erfordert den Umgang mit rechtlichen Aspekten und Vertr\u00e4gen. Wir arbeiten mit verschiedenen Partnern aus dem Bereich der Rechtsberatung zusammen, um eine reibungslose und professionelle Abwicklung aller rechtlichen Angelegenheiten zu gew\u00e4hrleisten.<\/span><\/p>\n\t\t\t\t\t\t\t\t<\/div>\n\t\t\t\t<\/div>\n\t\t\t\t<\/div>\n\t\t<div class=\"elementor-element elementor-element-4614a5d e-con-full e-flex e-con e-child\" data-id=\"4614a5d\" data-element_type=\"container\">\n\t\t\t\t<div class=\"elementor-element elementor-element-af20491 elementor-widget elementor-widget-text-editor\" data-id=\"af20491\" data-element_type=\"widget\" data-widget_type=\"text-editor.default\">\n\t\t\t\t<div class=\"elementor-widget-container\">\n\t\t\t\t\t\t\t\t\t<p><span style=\"font-weight: 400;\">&#8211; Finanzierungsberatung: Wir bieten nicht nur Verk\u00e4ufern, sondern auch potenziellen K\u00e4ufern Unterst\u00fctzung bei Fragen zur Finanzierung. Wir informieren \u00fcber Hypotheken- und Finanzierungsm\u00f6glichkeiten, um den Verkaufsprozess zu erleichtern.<\/span><\/p>\n<p class=\"p1\">\n<p><span style=\"font-weight: 400;\">&#8211; Nach dem Verkauf: Bei uns ist der Verkauf nicht mit der Schl\u00fcssel\u00fcbergabe beendet. Sowohl K\u00e4ufer als auch Verk\u00e4ufer k\u00f6nnen sich bei Fragen jederzeit an uns wenden.<\/span><\/p>\n<p class=\"p1\">\n<p><span style=\"font-weight: 400;\">Unsere Philosophie basiert auf Vertrauen, Professionalit\u00e4t und hervorragendem Kundenservice. Wir wissen, dass der Verkauf eines Freizeitprojekts oder einer Immobilie ein wichtiger Schritt ist, und wir setzen uns leidenschaftlich daf\u00fcr ein, Ihre Ziele zu erreichen. Wir freuen uns darauf, Sie durch den Verkaufsprozess zu begleiten und sicherzustellen, dass Ihre Immobilie bestm\u00f6glich pr\u00e4sentiert wird, um den besten Preis f\u00fcr Sie zu erzielen.<\/span><\/p>\n<p class=\"p1\">\n<p><span style=\"font-weight: 400;\">Bitte erkundigen Sie sich bei uns nach einem passenden Angebot.<\/span><\/p>\n\t\t\t\t\t\t\t\t<\/div>\n\t\t\t\t<\/div>\n\t\t\t\t<\/div>\n\t\t\t\t\t<\/div>\n\t\t\t\t<\/div>\n\t\t<div class=\"elementor-element elementor-element-d05d008 e-flex e-con-boxed e-con e-parent\" data-id=\"d05d008\" data-element_type=\"container\" data-settings=\"{&quot;background_background&quot;:&quot;classic&quot;}\">\n\t\t\t\t\t<div class=\"e-con-inner\">\n\t\t\t\t<div class=\"elementor-element elementor-element-a97c3a8 elementor-widget elementor-widget-image\" data-id=\"a97c3a8\" data-element_type=\"widget\" data-widget_type=\"image.default\">\n\t\t\t\t<div class=\"elementor-widget-container\">\n\t\t\t\t\t\t\t\t\t\t\t\t\t\t\t<img decoding=\"async\" width=\"800\" height=\"100\" src=\"https:\/\/www.dd-secondhome.nl\/wp-content\/uploads\/2024\/03\/Banner-Second-HOme-samen-verkopen-1024x128.jpg\" class=\"attachment-large size-large wp-image-11379\" alt=\"\" srcset=\"https:\/\/www.dd-secondhome.nl\/wp-content\/uploads\/2024\/03\/Banner-Second-HOme-samen-verkopen-1024x128.jpg 1024w, https:\/\/www.dd-secondhome.nl\/wp-content\/uploads\/2024\/03\/Banner-Second-HOme-samen-verkopen-300x38.jpg 300w, https:\/\/www.dd-secondhome.nl\/wp-content\/uploads\/2024\/03\/Banner-Second-HOme-samen-verkopen-768x96.jpg 768w, https:\/\/www.dd-secondhome.nl\/wp-content\/uploads\/2024\/03\/Banner-Second-HOme-samen-verkopen-1536x192.jpg 1536w, https:\/\/www.dd-secondhome.nl\/wp-content\/uploads\/2024\/03\/Banner-Second-HOme-samen-verkopen-2048x256.jpg 2048w\" sizes=\"(max-width: 800px) 100vw, 800px\" \/>\t\t\t\t\t\t\t\t\t\t\t\t\t\t\t<\/div>\n\t\t\t\t<\/div>\n\t\t\t\t\t<\/div>\n\t\t\t\t<\/div>\n\t\t<div class=\"elementor-element elementor-element-898628e e-flex e-con-boxed e-con e-parent\" data-id=\"898628e\" data-element_type=\"container\">\n\t\t\t\t\t<div class=\"e-con-inner\">\n\t\t<div class=\"elementor-element elementor-element-e68892a e-con-full e-flex e-con e-child\" data-id=\"e68892a\" data-element_type=\"container\">\n\t\t\t\t<div class=\"elementor-element elementor-element-26e5989 elementor-widget elementor-widget-image\" data-id=\"26e5989\" data-element_type=\"widget\" data-widget_type=\"image.default\">\n\t\t\t\t<div class=\"elementor-widget-container\">\n\t\t\t\t\t\t\t\t\t\t\t\t\t\t\t<img decoding=\"async\" width=\"640\" height=\"480\" src=\"https:\/\/www.dd-secondhome.nl\/wp-content\/uploads\/2024\/07\/Afbeelding10.jpg\" class=\"attachment-large size-large wp-image-11855\" alt=\"\" srcset=\"https:\/\/www.dd-secondhome.nl\/wp-content\/uploads\/2024\/07\/Afbeelding10.jpg 640w, https:\/\/www.dd-secondhome.nl\/wp-content\/uploads\/2024\/07\/Afbeelding10-300x225.jpg 300w\" sizes=\"(max-width: 640px) 100vw, 640px\" \/>\t\t\t\t\t\t\t\t\t\t\t\t\t\t\t<\/div>\n\t\t\t\t<\/div>\n\t\t\t\t<\/div>\n\t\t<div class=\"elementor-element elementor-element-f2d1026 e-con-full e-flex e-con e-child\" data-id=\"f2d1026\" data-element_type=\"container\">\n\t\t\t\t<div class=\"elementor-element elementor-element-178a198 elementor-widget elementor-widget-heading\" data-id=\"178a198\" data-element_type=\"widget\" data-widget_type=\"heading.default\">\n\t\t\t\t<div class=\"elementor-widget-container\">\n\t\t\t\t\t<h2 class=\"elementor-heading-title elementor-size-default\">D&amp;D \u201eSecond Home gemeinsam verkaufen\u201c<\/h2>\t\t\t\t<\/div>\n\t\t\t\t<\/div>\n\t\t\t\t<div class=\"elementor-element elementor-element-0f9679d elementor-widget elementor-widget-text-editor\" data-id=\"0f9679d\" data-element_type=\"widget\" data-widget_type=\"text-editor.default\">\n\t\t\t\t<div class=\"elementor-widget-container\">\n\t\t\t\t\t\t\t\t\t<p><span style=\"font-weight: 400;\">Speziell f\u00fcr private Verk\u00e4ufer, die auch einen Teil des Verkaufsprozesses selbst in die Hand nehmen wollen, bieten wir das D&amp;D-Paket \u201eZweitwohnung gemeinsam verkaufen\u201c an:<\/span><\/p>\n<p>&nbsp;<\/p>\n<p><span style=\"font-weight: 400;\">Was das beinhaltet:<\/span><\/p>\n<p>&nbsp;<\/p>\n<p><span style=\"font-weight: 400;\">Wir widmen uns gemeinsam mit Ihnen dem Verkauf Ihres bestehenden Ferienhauses. Sie k\u00fcmmern sich um die Besichtigungen und wir sorgen f\u00fcr eine optimale Pr\u00e4sentation und Vermarktung Ihres Hauses.<\/span><\/p>\n\t\t\t\t\t\t\t\t<\/div>\n\t\t\t\t<\/div>\n\t\t\t\t<\/div>\n\t\t\t\t\t<\/div>\n\t\t\t\t<\/div>\n\t\t<div class=\"elementor-element elementor-element-545fd5e e-flex e-con-boxed e-con e-parent\" data-id=\"545fd5e\" data-element_type=\"container\">\n\t\t\t\t\t<div class=\"e-con-inner\">\n\t\t<div class=\"elementor-element elementor-element-5f76274 e-con-full e-flex e-con e-child\" data-id=\"5f76274\" data-element_type=\"container\">\n\t\t\t\t<div class=\"elementor-element elementor-element-16d3c83 elementor-widget elementor-widget-heading\" data-id=\"16d3c83\" data-element_type=\"widget\" data-widget_type=\"heading.default\">\n\t\t\t\t<div class=\"elementor-widget-container\">\n\t\t\t\t\t<h2 class=\"elementor-heading-title elementor-size-default\">Was Sie von uns erwarten k\u00f6nnen:<\/h2>\t\t\t\t<\/div>\n\t\t\t\t<\/div>\n\t\t\t\t<div class=\"elementor-element elementor-element-30bde6f elementor-widget elementor-widget-text-editor\" data-id=\"30bde6f\" data-element_type=\"widget\" data-widget_type=\"text-editor.default\">\n\t\t\t\t<div class=\"elementor-widget-container\">\n\t\t\t\t\t\t\t\t\t<ul>\n<li><span style=\"font-weight: 400;\">Aufbereitung der von Ihnen gelieferten Fotos, Grundrisse und Ausstattungsmerkmale zu einer professionellen digitalen Verkaufsbrosch\u00fcre.<\/span><\/li>\n<li><span style=\"font-weight: 400;\">Rechtliche Pr\u00fcfung.<\/span><\/li>\n<li><span style=\"font-weight: 400;\">Besprechung der Verkaufsstrategie.<\/span><\/li>\n<li><span style=\"font-weight: 400;\">Platzierung Ihrer Immobilie auf unserer Website und auf der Website der VBO Makelaar.<\/span><\/li>\n<li><span style=\"font-weight: 400;\">Vereinbarung von Terminen f\u00fcr Besichtigungen<\/span><\/li>\n<li><span style=\"font-weight: 400;\">Vorstellung Ihrer Immobilie in unserem digitalen Newsletter<\/span><\/li>\n<li><span style=\"font-weight: 400;\">Werbung f\u00fcr Ihre Immobilie auf unseren Social-Media-Kan\u00e4len.<\/span><\/li>\n<li><span style=\"font-weight: 400;\">Pr\u00e4sentation Ihrer Immobilie auf der Second Home Fair einmal im Jahr.<\/span><\/li>\n<li><span style=\"font-weight: 400;\">Verhandlung des besten Verkaufspreises<\/span><\/li>\n<li><span style=\"font-weight: 400;\">Ausarbeitung des Kaufvertrags.<\/span><\/li>\n<\/ul>\n<p><span style=\"font-weight: 400;\">Preis: \u20ac1500,00 exkl. MwSt.<\/span><\/p>\n<p>&nbsp;<\/p>\n<p><span style=\"font-weight: 400;\">M\u00f6glichkeit zus\u00e4tzlicher bezahlter Dienstleistungen:<\/span><\/p>\n<p>&nbsp;<\/p>\n<ul>\n<li><span style=\"font-weight: 400;\">Pr\u00e4sentation Ihrer Immobilie auf anderen kostenpflichtigen Websites.<\/span><\/li>\n<li><span style=\"font-weight: 400;\">Bezahlte Werbung in sozialen Medien.<\/span><\/li>\n<li><span style=\"font-weight: 400;\">Erstellung eines Verkaufsplans.<\/span><\/li>\n<li><span style=\"font-weight: 400;\">Beauftragung eines Fotografen.<\/span><\/li>\n<\/ul>\n\t\t\t\t\t\t\t\t<\/div>\n\t\t\t\t<\/div>\n\t\t\t\t<\/div>\n\t\t<div class=\"elementor-element elementor-element-fc6068d e-con-full e-flex e-con e-child\" data-id=\"fc6068d\" data-element_type=\"container\">\n\t\t\t\t<div class=\"elementor-element elementor-element-2f335ce elementor-widget elementor-widget-image\" data-id=\"2f335ce\" data-element_type=\"widget\" data-widget_type=\"image.default\">\n\t\t\t\t<div class=\"elementor-widget-container\">\n\t\t\t\t\t\t\t\t\t\t\t\t\t\t\t<img loading=\"lazy\" decoding=\"async\" width=\"480\" height=\"640\" src=\"https:\/\/www.dd-secondhome.nl\/wp-content\/uploads\/2024\/07\/over-ons-2.jpg\" class=\"attachment-large size-large wp-image-11849\" alt=\"\" srcset=\"https:\/\/www.dd-secondhome.nl\/wp-content\/uploads\/2024\/07\/over-ons-2.jpg 480w, https:\/\/www.dd-secondhome.nl\/wp-content\/uploads\/2024\/07\/over-ons-2-225x300.jpg 225w\" sizes=\"(max-width: 480px) 100vw, 480px\" \/>\t\t\t\t\t\t\t\t\t\t\t\t\t\t\t<\/div>\n\t\t\t\t<\/div>\n\t\t\t\t<\/div>\n\t\t\t\t\t<\/div>\n\t\t\t\t<\/div>\n\t\t\t\t<\/div>\n\t\t","protected":false},"excerpt":{"rendered":"<p>D&amp;D Verkauf Das D&#038;D \u201eSecond Home-Full-Service-Verkauf\u201c Paket Sind Sie ein Projektentwickler, der sein Freizeitprojekt optimal vermarkten und verkaufen m\u00f6chte? Oder sind Sie eine Privatperson, die ein Freizeitheim besitzt und es zum Verkauf anbieten m\u00f6chte? **Unsere Dienstleistungen f\u00fcr einen erfolgreichen Verkauf** Wir von D&amp;D sind mit den Besonderheiten des Freizeitmarktes vertraut. Wir bieten Ihnen ein umfassendes [&hellip;]<\/p>\n","protected":false},"author":1,"featured_media":0,"parent":0,"menu_order":0,"comment_status":"closed","ping_status":"closed","template":"","meta":{"_acf_changed":false,"footnotes":""},"class_list":["post-11702","page","type-page","status-publish","hentry"],"acf":[],"yoast_head":"<!-- This site is optimized with the Yoast SEO plugin v25.4 - https:\/\/yoast.com\/wordpress\/plugins\/seo\/ -->\n<title>D&amp;D Verkauf - D&amp;D Second Home<\/title>\n<meta name=\"robots\" content=\"index, follow, max-snippet:-1, max-image-preview:large, max-video-preview:-1\" \/>\n<link rel=\"canonical\" href=\"https:\/\/www.dd-secondhome.nl\/de\/dd-verkauf\/\" \/>\n<meta property=\"og:locale\" content=\"de_DE\" \/>\n<meta property=\"og:type\" content=\"article\" \/>\n<meta property=\"og:title\" content=\"D&amp;D Verkauf - D&amp;D Second Home\" \/>\n<meta property=\"og:description\" content=\"D&amp;D Verkauf Das D&#038;D \u201eSecond Home-Full-Service-Verkauf\u201c Paket Sind Sie ein Projektentwickler, der sein Freizeitprojekt optimal vermarkten und verkaufen m\u00f6chte? Oder sind Sie eine Privatperson, die ein Freizeitheim besitzt und es zum Verkauf anbieten m\u00f6chte? **Unsere Dienstleistungen f\u00fcr einen erfolgreichen Verkauf** Wir von D&amp;D sind mit den Besonderheiten des Freizeitmarktes vertraut. Wir bieten Ihnen ein umfassendes [&hellip;]\" \/>\n<meta property=\"og:url\" content=\"https:\/\/www.dd-secondhome.nl\/de\/dd-verkauf\/\" \/>\n<meta property=\"og:site_name\" content=\"D&amp;D Second Home\" \/>\n<meta property=\"article:modified_time\" content=\"2024-07-24T12:58:11+00:00\" \/>\n<meta property=\"og:image\" content=\"https:\/\/www.dd-secondhome.nl\/wp-content\/uploads\/2024\/03\/Banner-DD-Second-Home-Full-servic-pakket-1024x128.jpg\" \/>\n<meta name=\"twitter:card\" content=\"summary_large_image\" \/>\n<meta name=\"twitter:label1\" content=\"Gesch\u00e4tzte Lesezeit\" \/>\n\t<meta name=\"twitter:data1\" content=\"3\u00a0Minuten\" \/>\n<script type=\"application\/ld+json\" class=\"yoast-schema-graph\">{\"@context\":\"https:\/\/schema.org\",\"@graph\":[{\"@type\":\"WebPage\",\"@id\":\"https:\/\/www.dd-secondhome.nl\/de\/dd-verkauf\/\",\"url\":\"https:\/\/www.dd-secondhome.nl\/de\/dd-verkauf\/\",\"name\":\"D&amp;D Verkauf - D&amp;D Second Home\",\"isPartOf\":{\"@id\":\"https:\/\/www.dd-secondhome.nl\/de\/#website\"},\"primaryImageOfPage\":{\"@id\":\"https:\/\/www.dd-secondhome.nl\/de\/dd-verkauf\/#primaryimage\"},\"image\":{\"@id\":\"https:\/\/www.dd-secondhome.nl\/de\/dd-verkauf\/#primaryimage\"},\"thumbnailUrl\":\"https:\/\/www.dd-secondhome.nl\/wp-content\/uploads\/2024\/03\/Banner-DD-Second-Home-Full-servic-pakket-1024x128.jpg\",\"datePublished\":\"2024-03-18T07:55:44+00:00\",\"dateModified\":\"2024-07-24T12:58:11+00:00\",\"breadcrumb\":{\"@id\":\"https:\/\/www.dd-secondhome.nl\/de\/dd-verkauf\/#breadcrumb\"},\"inLanguage\":\"de\",\"potentialAction\":[{\"@type\":\"ReadAction\",\"target\":[\"https:\/\/www.dd-secondhome.nl\/de\/dd-verkauf\/\"]}]},{\"@type\":\"ImageObject\",\"inLanguage\":\"de\",\"@id\":\"https:\/\/www.dd-secondhome.nl\/de\/dd-verkauf\/#primaryimage\",\"url\":\"https:\/\/www.dd-secondhome.nl\/wp-content\/uploads\/2024\/03\/Banner-DD-Second-Home-Full-servic-pakket-1024x128.jpg\",\"contentUrl\":\"https:\/\/www.dd-secondhome.nl\/wp-content\/uploads\/2024\/03\/Banner-DD-Second-Home-Full-servic-pakket-1024x128.jpg\"},{\"@type\":\"BreadcrumbList\",\"@id\":\"https:\/\/www.dd-secondhome.nl\/de\/dd-verkauf\/#breadcrumb\",\"itemListElement\":[{\"@type\":\"ListItem\",\"position\":1,\"name\":\"Home\",\"item\":\"https:\/\/www.dd-secondhome.nl\/de\/\"},{\"@type\":\"ListItem\",\"position\":2,\"name\":\"D&amp;D Verkauf\"}]},{\"@type\":\"WebSite\",\"@id\":\"https:\/\/www.dd-secondhome.nl\/de\/#website\",\"url\":\"https:\/\/www.dd-secondhome.nl\/de\/\",\"name\":\"D&amp;D Second Home\",\"description\":\"\",\"potentialAction\":[{\"@type\":\"SearchAction\",\"target\":{\"@type\":\"EntryPoint\",\"urlTemplate\":\"https:\/\/www.dd-secondhome.nl\/de\/?s={search_term_string}\"},\"query-input\":{\"@type\":\"PropertyValueSpecification\",\"valueRequired\":true,\"valueName\":\"search_term_string\"}}],\"inLanguage\":\"de\"}]}<\/script>\n<!-- \/ Yoast SEO plugin. -->","yoast_head_json":{"title":"D&amp;D Verkauf - D&amp;D Second Home","robots":{"index":"index","follow":"follow","max-snippet":"max-snippet:-1","max-image-preview":"max-image-preview:large","max-video-preview":"max-video-preview:-1"},"canonical":"https:\/\/www.dd-secondhome.nl\/de\/dd-verkauf\/","og_locale":"de_DE","og_type":"article","og_title":"D&amp;D Verkauf - D&amp;D Second Home","og_description":"D&amp;D Verkauf Das D&#038;D \u201eSecond Home-Full-Service-Verkauf\u201c Paket Sind Sie ein Projektentwickler, der sein Freizeitprojekt optimal vermarkten und verkaufen m\u00f6chte? Oder sind Sie eine Privatperson, die ein Freizeitheim besitzt und es zum Verkauf anbieten m\u00f6chte? **Unsere Dienstleistungen f\u00fcr einen erfolgreichen Verkauf** Wir von D&amp;D sind mit den Besonderheiten des Freizeitmarktes vertraut. Wir bieten Ihnen ein umfassendes [&hellip;]","og_url":"https:\/\/www.dd-secondhome.nl\/de\/dd-verkauf\/","og_site_name":"D&amp;D Second Home","article_modified_time":"2024-07-24T12:58:11+00:00","og_image":[{"url":"https:\/\/www.dd-secondhome.nl\/wp-content\/uploads\/2024\/03\/Banner-DD-Second-Home-Full-servic-pakket-1024x128.jpg","type":"","width":"","height":""}],"twitter_card":"summary_large_image","twitter_misc":{"Gesch\u00e4tzte Lesezeit":"3\u00a0Minuten"},"schema":{"@context":"https:\/\/schema.org","@graph":[{"@type":"WebPage","@id":"https:\/\/www.dd-secondhome.nl\/de\/dd-verkauf\/","url":"https:\/\/www.dd-secondhome.nl\/de\/dd-verkauf\/","name":"D&amp;D Verkauf - D&amp;D Second Home","isPartOf":{"@id":"https:\/\/www.dd-secondhome.nl\/de\/#website"},"primaryImageOfPage":{"@id":"https:\/\/www.dd-secondhome.nl\/de\/dd-verkauf\/#primaryimage"},"image":{"@id":"https:\/\/www.dd-secondhome.nl\/de\/dd-verkauf\/#primaryimage"},"thumbnailUrl":"https:\/\/www.dd-secondhome.nl\/wp-content\/uploads\/2024\/03\/Banner-DD-Second-Home-Full-servic-pakket-1024x128.jpg","datePublished":"2024-03-18T07:55:44+00:00","dateModified":"2024-07-24T12:58:11+00:00","breadcrumb":{"@id":"https:\/\/www.dd-secondhome.nl\/de\/dd-verkauf\/#breadcrumb"},"inLanguage":"de","potentialAction":[{"@type":"ReadAction","target":["https:\/\/www.dd-secondhome.nl\/de\/dd-verkauf\/"]}]},{"@type":"ImageObject","inLanguage":"de","@id":"https:\/\/www.dd-secondhome.nl\/de\/dd-verkauf\/#primaryimage","url":"https:\/\/www.dd-secondhome.nl\/wp-content\/uploads\/2024\/03\/Banner-DD-Second-Home-Full-servic-pakket-1024x128.jpg","contentUrl":"https:\/\/www.dd-secondhome.nl\/wp-content\/uploads\/2024\/03\/Banner-DD-Second-Home-Full-servic-pakket-1024x128.jpg"},{"@type":"BreadcrumbList","@id":"https:\/\/www.dd-secondhome.nl\/de\/dd-verkauf\/#breadcrumb","itemListElement":[{"@type":"ListItem","position":1,"name":"Home","item":"https:\/\/www.dd-secondhome.nl\/de\/"},{"@type":"ListItem","position":2,"name":"D&amp;D Verkauf"}]},{"@type":"WebSite","@id":"https:\/\/www.dd-secondhome.nl\/de\/#website","url":"https:\/\/www.dd-secondhome.nl\/de\/","name":"D&amp;D Second Home","description":"","potentialAction":[{"@type":"SearchAction","target":{"@type":"EntryPoint","urlTemplate":"https:\/\/www.dd-secondhome.nl\/de\/?s={search_term_string}"},"query-input":{"@type":"PropertyValueSpecification","valueRequired":true,"valueName":"search_term_string"}}],"inLanguage":"de"}]}},"_links":{"self":[{"href":"https:\/\/www.dd-secondhome.nl\/de\/wp-json\/wp\/v2\/pages\/11702","targetHints":{"allow":["GET"]}}],"collection":[{"href":"https:\/\/www.dd-secondhome.nl\/de\/wp-json\/wp\/v2\/pages"}],"about":[{"href":"https:\/\/www.dd-secondhome.nl\/de\/wp-json\/wp\/v2\/types\/page"}],"author":[{"embeddable":true,"href":"https:\/\/www.dd-secondhome.nl\/de\/wp-json\/wp\/v2\/users\/1"}],"replies":[{"embeddable":true,"href":"https:\/\/www.dd-secondhome.nl\/de\/wp-json\/wp\/v2\/comments?post=11702"}],"version-history":[{"count":2,"href":"https:\/\/www.dd-secondhome.nl\/de\/wp-json\/wp\/v2\/pages\/11702\/revisions"}],"predecessor-version":[{"id":11936,"href":"https:\/\/www.dd-secondhome.nl\/de\/wp-json\/wp\/v2\/pages\/11702\/revisions\/11936"}],"wp:attachment":[{"href":"https:\/\/www.dd-secondhome.nl\/de\/wp-json\/wp\/v2\/media?parent=11702"}],"curies":[{"name":"wp","href":"https:\/\/api.w.org\/{rel}","templated":true}]}}