{"id":11947,"date":"2024-02-09T13:32:59","date_gmt":"2024-02-09T12:32:59","guid":{"rendered":"https:\/\/www.dd-secondhome.nl\/privacy-policy\/"},"modified":"2024-08-01T08:11:19","modified_gmt":"2024-08-01T07:11:19","slug":"privacy-policy","status":"publish","type":"page","link":"https:\/\/www.dd-secondhome.nl\/de\/privacy-policy\/","title":{"rendered":"Datenschutzrichtlinie"},"content":{"rendered":"\t\t<div data-elementor-type=\"wp-page\" data-elementor-id=\"11947\" class=\"elementor elementor-11947 elementor-3\" data-elementor-post-type=\"page\">\n\t\t\t\t<div class=\"elementor-element elementor-element-18486e99 e-flex e-con-boxed e-con e-parent\" data-id=\"18486e99\" data-element_type=\"container\">\n\t\t\t\t\t<div class=\"e-con-inner\">\n\t\t\t\t<div class=\"elementor-element elementor-element-67ffb7c8 elementor-widget elementor-widget-text-editor\" data-id=\"67ffb7c8\" data-element_type=\"widget\" data-widget_type=\"text-editor.default\">\n\t\t\t\t<div class=\"elementor-widget-container\">\n\t\t\t\t\t\t\t\t\t<span style=\"font-weight: 400;\">Wir respektieren die Privatsph\u00e4re aller Nutzer der Website (www.dd-<\/span><span style=\"font-weight: 400;\">\r\n<\/span><span style=\"font-weight: 400;\">secondhome.co.uk). Wir stellen sicher, dass die pers\u00f6nlichen Informationen, die Sie<\/span><span style=\"font-weight: 400;\">\r\n<\/span><span style=\"font-weight: 400;\">die Sie uns zur Verf\u00fcgung stellen, stets vertraulich behandelt werden. Wir verwenden Ihre Informationen nur, um<\/span><span style=\"font-weight: 400;\">\r\n<\/span><span style=\"font-weight: 400;\">die von Ihnen angeforderten Dienstleistungen zu erf\u00fcllen.<\/span>\r\n<ol>\r\n \t<li><b> Daten, die wir sammeln<\/b><\/li>\r\n<\/ol>\r\n<b>Wenn Sie unsere Websites besuchen<\/b><span style=\"font-weight: 400;\">\r\n<\/span><span style=\"font-weight: 400;\">Es steht Ihnen frei, unsere Website zu besuchen und zu erkunden, ohne dass Sie pers\u00f6nliche Daten<\/span><span style=\"font-weight: 400;\">\r\n<\/span><span style=\"font-weight: 400;\">\u00fcber sich selbst. Wenn Sie unsere Website besuchen oder sich registrieren lassen, eine<\/span><span style=\"font-weight: 400;\">\r\n<\/span><span style=\"font-weight: 400;\">Ressourcen herunterladen oder ein Kontaktformular ausf\u00fcllen, bei dem wir pers\u00f6nliche<\/span><span style=\"font-weight: 400;\">\r\n<\/span><span style=\"font-weight: 400;\">Informationen anfordern, sammeln wir Navigationsdaten.<\/span>\r\n\r\n<b>Pers\u00f6nliche Informationen<\/b><span style=\"font-weight: 400;\">\r\n<\/span><span style=\"font-weight: 400;\">Dies bezieht sich auf alle Informationen, die Sie uns freiwillig zur Verf\u00fcgung stellen und die Sie pers\u00f6nlich<\/span><span style=\"font-weight: 400;\">\r\n<\/span><span style=\"font-weight: 400;\">die Sie pers\u00f6nlich identifizieren, einschlie\u00dflich Kontaktinformationen, wie Name, E-Mail-Adresse, Firmenname<\/span><span style=\"font-weight: 400;\">\r\n<\/span><span style=\"font-weight: 400;\">Telefonnummer und andere Informationen \u00fcber Sie oder Ihr Unternehmen. Pers\u00f6nliche Informationen<\/span><span style=\"font-weight: 400;\">\r\n<\/span><span style=\"font-weight: 400;\">k\u00f6nnen auch Informationen \u00fcber die Art des Besuchers, ob Interessent oder Kunde, enthalten und<\/span><span style=\"font-weight: 400;\">\r\n<\/span><span style=\"font-weight: 400;\">Informationen \u00fcber Sie, die im Internet verf\u00fcgbar sind, wie z. B. von Facebook, LinkedIn<\/span><span style=\"font-weight: 400;\">\r\n<\/span><span style=\"font-weight: 400;\">Twitter und Google, oder \u00f6ffentlich verf\u00fcgbare Informationen, die wir von<\/span><span style=\"font-weight: 400;\">\r\n<\/span><span style=\"font-weight: 400;\">Dienstleistern erhalten.<\/span><span style=\"font-weight: 400;\">\r\n<\/span><span style=\"font-weight: 400;\">Zu den personenbezogenen Daten geh\u00f6ren auch Navigationsdaten, wenn diese Daten<\/span><span style=\"font-weight: 400;\">\r\n<\/span><span style=\"font-weight: 400;\">direkt oder indirekt eine Person identifizieren k\u00f6nnen. Navigationsdaten beziehen sich auf<\/span><span style=\"font-weight: 400;\">\r\n<\/span><span style=\"font-weight: 400;\">Informationen \u00fcber Ihren Computer und Ihre Besuche auf dieser Website, wie z. B. die IP<\/span><span style=\"font-weight: 400;\">\r\n<\/span><span style=\"font-weight: 400;\">Adresse, geografischer Standort, Browsertyp, Verweisquelle, Dauer des Besuchs und<\/span><span style=\"font-weight: 400;\">\r\n<\/span><span style=\"font-weight: 400;\">besuchte Seiten.<\/span>\r\n<ol start=\"2\">\r\n \t<li><b> Wie verwenden wir die von uns gesammelten Informationen?<\/b><\/li>\r\n<\/ol>\r\n<b>Einhaltung unserer Datenschutzpolitik<\/b><span style=\"font-weight: 400;\">\r\n<\/span><span style=\"font-weight: 400;\">Wir verwenden die von uns gesammelten Informationen nur in \u00dcbereinstimmung mit dieser<\/span><span style=\"font-weight: 400;\">\r\n<\/span><span style=\"font-weight: 400;\">Datenschutzrichtlinie. Kunden, die Dienstleistungen oder Produkte erwerben, sind durch unsere<\/span><span style=\"font-weight: 400;\">\r\n<\/span><span style=\"font-weight: 400;\">Vereinbarungen mit ihnen verpflichtet, diese Datenschutzrichtlinie einzuhalten.<\/span>\r\n\r\n<b>Wir verkaufen niemals pers\u00f6nliche Informationen<\/b><span style=\"font-weight: 400;\">\r\n<\/span><span style=\"font-weight: 400;\">Ihre Privatsph\u00e4re ist f\u00fcr uns unantastbar. Wir vermitteln dies durch die Weitergabe aller pers\u00f6nlichen<\/span><span style=\"font-weight: 400;\">\r\n<\/span><span style=\"font-weight: 400;\">Informationen, die Sie uns \u00fcber Formulare auf der Website, per Telefon oder<\/span><span style=\"font-weight: 400;\">\r\n<\/span><span style=\"font-weight: 400;\">anderweitig vertraulich behandelt und niemals an Dritte zu<\/span><span style=\"font-weight: 400;\">\r\n<\/span><span style=\"font-weight: 400;\">kommerzielle Zwecke weitergeben. Wir werden Ihre pers\u00f6nlichen Daten niemals ohne Ihre Zustimmung an Dritte weitergeben<\/span><span style=\"font-weight: 400;\">\r\n<\/span><span style=\"font-weight: 400;\">Zustimmung niemals an Dritte weitergeben.<\/span>\r\n\r\n<b>Verwendung pers\u00f6nlicher Informationen<\/b><span style=\"font-weight: 400;\">\r\n<\/span><span style=\"font-weight: 400;\">Zus\u00e4tzlich zu den an anderer Stelle in dieser Datenschutzerkl\u00e4rung genannten Verwendungen k\u00f6nnen wir<\/span><span style=\"font-weight: 400;\">\r\n<\/span><span style=\"font-weight: 400;\">Wir k\u00f6nnen Ihre pers\u00f6nlichen Informationen verwenden, um:<\/span>\r\n<ul>\r\n \t<li style=\"font-weight: 400;\" aria-level=\"1\"><span style=\"font-weight: 400;\">Zusendung von Informationen \u00fcber D&amp;D Second Home an Sie, von denen wir glauben<\/span><span style=\"font-weight: 400;\">\r\n<\/span><span style=\"font-weight: 400;\">f\u00fcr Sie von Interesse sein k\u00f6nnten, per Post, E-Mail oder auf anderem Wege und um Ihnen<\/span><span style=\"font-weight: 400;\">\r\n<\/span><span style=\"font-weight: 400;\">Mitteilungen in Bezug auf unser Gesch\u00e4ft zu senden;<\/span><\/li>\r\n \t<li style=\"font-weight: 400;\" aria-level=\"1\"><span style=\"font-weight: 400;\">die Nutzung unserer Dienstleistungen zu f\u00f6rdern und Ihnen Werbe- und<\/span><span style=\"font-weight: 400;\">\r\n<\/span><span style=\"font-weight: 400;\">Werbe- und Informationsinhalte mit Ihnen in \u00dcbereinstimmung mit Ihren<\/span><span style=\"font-weight: 400;\">\r\n<\/span><span style=\"font-weight: 400;\">Kommunikationspr\u00e4ferenzen;<\/span><\/li>\r\n<\/ul>\r\n<b>Verwendung von Navigationsdaten<\/b><span style=\"font-weight: 400;\">\r\n<\/span><span style=\"font-weight: 400;\">Wir verwenden Navigationsdaten, um die Websites zu verwalten und zu verbessern.<\/span>\r\n\r\n<b>Verwendung von Marketing Automation<\/b><span style=\"font-weight: 400;\">\r\n<\/span><span style=\"font-weight: 400;\">Innerhalb von D&amp;D Second Home wird in begrenztem Umfang Marketing<\/span><span style=\"font-weight: 400;\">\r\n<\/span><span style=\"font-weight: 400;\">Marketing-Automatisierungssoftware, um das gesamte Website-Verhalten zu analysieren und pers\u00f6nliche<\/span><span style=\"font-weight: 400;\">\r\n<\/span><span style=\"font-weight: 400;\">Daten in einer sicheren und vertrauensw\u00fcrdigen Weise zu verwalten. D&amp;D Second Home kann<\/span><span style=\"font-weight: 400;\">\r\n<\/span><span style=\"font-weight: 400;\">pers\u00f6nliche Inhalte auf der Grundlage dieser Daten durch das<\/span><span style=\"font-weight: 400;\">\r\n<\/span><span style=\"font-weight: 400;\">E-Mails versenden.<\/span>\r\n\r\n<b>Sicherheit Ihrer pers\u00f6nlichen Daten<\/b><span style=\"font-weight: 400;\">\r\n<\/span><span style=\"font-weight: 400;\">Die von Ihnen zur Verf\u00fcgung gestellten pers\u00f6nlichen Daten werden von uns oder unseren Partnern gesichert auf<\/span><span style=\"font-weight: 400;\">\r\n<\/span><span style=\"font-weight: 400;\">Computer-Servern in einer kontrollierten, sicheren Umgebung, gesch\u00fctzt vor<\/span><span style=\"font-weight: 400;\">\r\n<\/span><span style=\"font-weight: 400;\">vor unbefugtem Zugriff, Verwendung oder Offenlegung gesch\u00fctzt. Alle personenbezogenen Daten werden<\/span><span style=\"font-weight: 400;\">\r\n<\/span><span style=\"font-weight: 400;\">durch geeignete physische, technische und organisatorische<\/span><span style=\"font-weight: 400;\">\r\n<\/span><span style=\"font-weight: 400;\">Ma\u00dfnahmen gesch\u00fctzt.<\/span>\r\n\r\n<b>Externe Websites<\/b><span style=\"font-weight: 400;\">\r\n<\/span><span style=\"font-weight: 400;\">Unsere Website kann Links zu anderen Websites enthalten. Wir haben keine<\/span><span style=\"font-weight: 400;\">\r\n<\/span><span style=\"font-weight: 400;\">keine Kontrolle \u00fcber und sind nicht verantwortlich f\u00fcr den Inhalt oder die Praktiken dieser<\/span><span style=\"font-weight: 400;\">\r\n<\/span><span style=\"font-weight: 400;\">anderen Websites. Die Tatsache, dass wir solche Links anbieten, bedeutet nicht, dass wir diese<\/span><span style=\"font-weight: 400;\">\r\n<\/span><span style=\"font-weight: 400;\">anderen Websites, ihre Inhalte, ihre Eigent\u00fcmer oder ihre Praktiken billigen. Diese<\/span><span style=\"font-weight: 400;\">\r\n<\/span><span style=\"font-weight: 400;\">Datenschutzrichtlinie gilt nicht f\u00fcr diese anderen Websites, die den<\/span><span style=\"font-weight: 400;\">\r\n<\/span><span style=\"font-weight: 400;\">den Datenschutz- und anderen Richtlinien, die diese externen Websites haben.<\/span>\r\n<ol start=\"3\">\r\n \t<li><b><\/b> <b>Cookies und \u00e4hnliche Technologien<\/b><span style=\"font-weight: 400;\">\r\n<\/span><b>Cookies<\/b><span style=\"font-weight: 400;\">\r\n<\/span><span style=\"font-weight: 400;\">D&amp;D Second Home verwendet Cookies und andere Technologien, um den<\/span><span style=\"font-weight: 400;\">\r\n<\/span><span style=\"font-weight: 400;\">Online-Komfort f\u00fcr Sie zu verbessern und zu verfolgen, wie Sie die Website nutzen,<\/span><span style=\"font-weight: 400;\">\r\n<\/span><span style=\"font-weight: 400;\">damit wir die Qualit\u00e4t unserer Dienstleistungen und unserer Website verbessern k\u00f6nnen.<\/span><span style=\"font-weight: 400;\">\r\n<\/span><span style=\"font-weight: 400;\">verbessern. Cookies erm\u00f6glichen es uns, Anzeigen auf externen Websites zu schalten;<\/span><\/li>\r\n<\/ol>\r\n<span style=\"font-weight: 400;\">Werbenetzwerke (einschlie\u00dflich Google AdSense \/ Google Ads), die auf externen Websites werben<\/span><span style=\"font-weight: 400;\">\r\n<\/span><span style=\"font-weight: 400;\">Werbung platzieren, k\u00f6nnen Cookies oder Web Beacons verwenden, um<\/span><span style=\"font-weight: 400;\">\r\n<\/span><span style=\"font-weight: 400;\">Informationen zu sammeln. www.dd-secondhome.nl hat keinen Zugriff auf oder Kontrolle \u00fcber diese<\/span><span style=\"font-weight: 400;\">\r\n<\/span><span style=\"font-weight: 400;\">\u00fcber diese Cookies, die von Drittanbietern verwendet werden.<\/span>\r\n\r\n<b>Werbung<\/b><span style=\"font-weight: 400;\">\r\n<\/span><span style=\"font-weight: 400;\">Wir arbeiten nicht mit Werbenetzwerken zusammen, um Werbung auf unserer Website anzuzeigen<\/span><span style=\"font-weight: 400;\">\r\n<\/span><span style=\"font-weight: 400;\">anzuzeigen oder unsere Werbung auf anderen Websites zu verwalten.<\/span><span style=\"font-weight: 400;\">\r\n<\/span><span style=\"font-weight: 400;\">Wenn Sie Cookies deaktivieren m\u00f6chten, k\u00f6nnen Sie dies \u00fcber Ihren eigenen Browser tun. Mehr<\/span><span style=\"font-weight: 400;\">\r\n<\/span><span style=\"font-weight: 400;\">Genauere Informationen \u00fcber die Verwaltung von Cookies mit bestimmten Webbrowsern<\/span><span style=\"font-weight: 400;\">\r\n<\/span><span style=\"font-weight: 400;\">finden Sie auf den jeweiligen Websites der Browser.<\/span>\r\n<ul>\r\n \t<li style=\"font-weight: 400;\" aria-level=\"1\"><span style=\"font-weight: 400;\">Internet Explorer<\/span><\/li>\r\n \t<li style=\"font-weight: 400;\" aria-level=\"1\"><span style=\"font-weight: 400;\">Firefox<\/span><\/li>\r\n \t<li style=\"font-weight: 400;\" aria-level=\"1\"><span style=\"font-weight: 400;\">Google Chrome<\/span><\/li>\r\n \t<li style=\"font-weight: 400;\" aria-level=\"1\"><span style=\"font-weight: 400;\">Safari<\/span><\/li>\r\n<\/ul>\r\n<b>Tracking-Technologien von Drittanbietern<\/b> <span style=\"font-weight: 400;\">\r\n<\/span><span style=\"font-weight: 400;\">Die Verwendung von Cookies und Web Beacons durch einen Tracking-Dienstleister ist nicht<\/span><span style=\"font-weight: 400;\">\r\n<\/span><span style=\"font-weight: 400;\">wird von unserer Datenschutzrichtlinie oder Cookie-Richtlinie nicht abgedeckt. <\/span><span style=\"font-weight: 400;\">\r\n<\/span><span style=\"font-weight: 400;\">Haben Sie Fragen zu unserer Datenschutzrichtlinie? Senden Sie eine E-Mail an info@dd-<\/span><span style=\"font-weight: 400;\">\r\n<\/span><span style=\"font-weight: 400;\">secondhome.co.uk<\/span>\r\n\r\n<b>\u00c4nderung dieser Datenschutzrichtlinie<\/b><span style=\"font-weight: 400;\">\r\n<\/span><span style=\"font-weight: 400;\">D&amp;D Second Home beh\u00e4lt sich das Recht vor, diese Datenschutzrichtlinie zu \u00e4ndern. Die<\/span><span style=\"font-weight: 400;\">\r\n<\/span><span style=\"font-weight: 400;\">\u00c4nderungen werden auf dieser Seite ver\u00f6ffentlicht. Diese Seite wurde zuletzt ge\u00e4ndert<\/span><span style=\"font-weight: 400;\">\r\n<\/span><span style=\"font-weight: 400;\">ge\u00e4ndert am 19-03-2024<\/span>\t\t\t\t\t\t\t\t<\/div>\n\t\t\t\t<\/div>\n\t\t\t\t\t<\/div>\n\t\t\t\t<\/div>\n\t\t\t\t<\/div>\n\t\t","protected":false},"excerpt":{"rendered":"<p>Wir respektieren die Privatsph\u00e4re aller Nutzer der Website (www.dd- secondhome.co.uk). Wir stellen sicher, dass die pers\u00f6nlichen Informationen, die Sie die Sie uns zur Verf\u00fcgung stellen, stets vertraulich behandelt werden. Wir verwenden Ihre Informationen nur, um die von Ihnen angeforderten Dienstleistungen zu erf\u00fcllen. Daten, die wir sammeln Wenn Sie unsere Websites besuchen Es steht Ihnen frei, [&hellip;]<\/p>\n","protected":false},"author":1,"featured_media":0,"parent":0,"menu_order":0,"comment_status":"closed","ping_status":"open","template":"","meta":{"_acf_changed":false,"footnotes":""},"class_list":["post-11947","page","type-page","status-publish","hentry"],"acf":[],"yoast_head":"<!-- This site is optimized with the Yoast SEO plugin v25.4 - https:\/\/yoast.com\/wordpress\/plugins\/seo\/ -->\n<title>Datenschutzrichtlinie - D&amp;D Second Home<\/title>\n<meta name=\"robots\" content=\"index, follow, max-snippet:-1, max-image-preview:large, max-video-preview:-1\" \/>\n<link rel=\"canonical\" href=\"https:\/\/www.dd-secondhome.nl\/de\/privacy-policy\/\" \/>\n<meta property=\"og:locale\" content=\"de_DE\" \/>\n<meta property=\"og:type\" content=\"article\" \/>\n<meta property=\"og:title\" content=\"Datenschutzrichtlinie - D&amp;D Second Home\" \/>\n<meta property=\"og:description\" content=\"Wir respektieren die Privatsph\u00e4re aller Nutzer der Website (www.dd- secondhome.co.uk). Wir stellen sicher, dass die pers\u00f6nlichen Informationen, die Sie die Sie uns zur Verf\u00fcgung stellen, stets vertraulich behandelt werden. Wir verwenden Ihre Informationen nur, um die von Ihnen angeforderten Dienstleistungen zu erf\u00fcllen. Daten, die wir sammeln Wenn Sie unsere Websites besuchen Es steht Ihnen frei, [&hellip;]\" \/>\n<meta property=\"og:url\" content=\"https:\/\/www.dd-secondhome.nl\/de\/privacy-policy\/\" \/>\n<meta property=\"og:site_name\" content=\"D&amp;D Second Home\" \/>\n<meta property=\"article:modified_time\" content=\"2024-08-01T07:11:19+00:00\" \/>\n<meta name=\"twitter:card\" content=\"summary_large_image\" \/>\n<meta name=\"twitter:label1\" content=\"Gesch\u00e4tzte Lesezeit\" \/>\n\t<meta name=\"twitter:data1\" content=\"4\u00a0Minuten\" \/>\n<script type=\"application\/ld+json\" class=\"yoast-schema-graph\">{\"@context\":\"https:\/\/schema.org\",\"@graph\":[{\"@type\":\"WebPage\",\"@id\":\"https:\/\/www.dd-secondhome.nl\/de\/privacy-policy\/\",\"url\":\"https:\/\/www.dd-secondhome.nl\/de\/privacy-policy\/\",\"name\":\"Datenschutzrichtlinie - D&amp;D Second Home\",\"isPartOf\":{\"@id\":\"https:\/\/www.dd-secondhome.nl\/de\/#website\"},\"datePublished\":\"2024-02-09T12:32:59+00:00\",\"dateModified\":\"2024-08-01T07:11:19+00:00\",\"breadcrumb\":{\"@id\":\"https:\/\/www.dd-secondhome.nl\/de\/privacy-policy\/#breadcrumb\"},\"inLanguage\":\"de\",\"potentialAction\":[{\"@type\":\"ReadAction\",\"target\":[\"https:\/\/www.dd-secondhome.nl\/de\/privacy-policy\/\"]}]},{\"@type\":\"BreadcrumbList\",\"@id\":\"https:\/\/www.dd-secondhome.nl\/de\/privacy-policy\/#breadcrumb\",\"itemListElement\":[{\"@type\":\"ListItem\",\"position\":1,\"name\":\"Home\",\"item\":\"https:\/\/www.dd-secondhome.nl\/de\/\"},{\"@type\":\"ListItem\",\"position\":2,\"name\":\"Datenschutzrichtlinie\"}]},{\"@type\":\"WebSite\",\"@id\":\"https:\/\/www.dd-secondhome.nl\/de\/#website\",\"url\":\"https:\/\/www.dd-secondhome.nl\/de\/\",\"name\":\"D&amp;D Second Home\",\"description\":\"\",\"potentialAction\":[{\"@type\":\"SearchAction\",\"target\":{\"@type\":\"EntryPoint\",\"urlTemplate\":\"https:\/\/www.dd-secondhome.nl\/de\/?s={search_term_string}\"},\"query-input\":{\"@type\":\"PropertyValueSpecification\",\"valueRequired\":true,\"valueName\":\"search_term_string\"}}],\"inLanguage\":\"de\"}]}<\/script>\n<!-- \/ Yoast SEO plugin. -->","yoast_head_json":{"title":"Datenschutzrichtlinie - D&amp;D Second Home","robots":{"index":"index","follow":"follow","max-snippet":"max-snippet:-1","max-image-preview":"max-image-preview:large","max-video-preview":"max-video-preview:-1"},"canonical":"https:\/\/www.dd-secondhome.nl\/de\/privacy-policy\/","og_locale":"de_DE","og_type":"article","og_title":"Datenschutzrichtlinie - D&amp;D Second Home","og_description":"Wir respektieren die Privatsph\u00e4re aller Nutzer der Website (www.dd- secondhome.co.uk). Wir stellen sicher, dass die pers\u00f6nlichen Informationen, die Sie die Sie uns zur Verf\u00fcgung stellen, stets vertraulich behandelt werden. Wir verwenden Ihre Informationen nur, um die von Ihnen angeforderten Dienstleistungen zu erf\u00fcllen. Daten, die wir sammeln Wenn Sie unsere Websites besuchen Es steht Ihnen frei, [&hellip;]","og_url":"https:\/\/www.dd-secondhome.nl\/de\/privacy-policy\/","og_site_name":"D&amp;D Second Home","article_modified_time":"2024-08-01T07:11:19+00:00","twitter_card":"summary_large_image","twitter_misc":{"Gesch\u00e4tzte Lesezeit":"4\u00a0Minuten"},"schema":{"@context":"https:\/\/schema.org","@graph":[{"@type":"WebPage","@id":"https:\/\/www.dd-secondhome.nl\/de\/privacy-policy\/","url":"https:\/\/www.dd-secondhome.nl\/de\/privacy-policy\/","name":"Datenschutzrichtlinie - D&amp;D Second Home","isPartOf":{"@id":"https:\/\/www.dd-secondhome.nl\/de\/#website"},"datePublished":"2024-02-09T12:32:59+00:00","dateModified":"2024-08-01T07:11:19+00:00","breadcrumb":{"@id":"https:\/\/www.dd-secondhome.nl\/de\/privacy-policy\/#breadcrumb"},"inLanguage":"de","potentialAction":[{"@type":"ReadAction","target":["https:\/\/www.dd-secondhome.nl\/de\/privacy-policy\/"]}]},{"@type":"BreadcrumbList","@id":"https:\/\/www.dd-secondhome.nl\/de\/privacy-policy\/#breadcrumb","itemListElement":[{"@type":"ListItem","position":1,"name":"Home","item":"https:\/\/www.dd-secondhome.nl\/de\/"},{"@type":"ListItem","position":2,"name":"Datenschutzrichtlinie"}]},{"@type":"WebSite","@id":"https:\/\/www.dd-secondhome.nl\/de\/#website","url":"https:\/\/www.dd-secondhome.nl\/de\/","name":"D&amp;D Second Home","description":"","potentialAction":[{"@type":"SearchAction","target":{"@type":"EntryPoint","urlTemplate":"https:\/\/www.dd-secondhome.nl\/de\/?s={search_term_string}"},"query-input":{"@type":"PropertyValueSpecification","valueRequired":true,"valueName":"search_term_string"}}],"inLanguage":"de"}]}},"_links":{"self":[{"href":"https:\/\/www.dd-secondhome.nl\/de\/wp-json\/wp\/v2\/pages\/11947","targetHints":{"allow":["GET"]}}],"collection":[{"href":"https:\/\/www.dd-secondhome.nl\/de\/wp-json\/wp\/v2\/pages"}],"about":[{"href":"https:\/\/www.dd-secondhome.nl\/de\/wp-json\/wp\/v2\/types\/page"}],"author":[{"embeddable":true,"href":"https:\/\/www.dd-secondhome.nl\/de\/wp-json\/wp\/v2\/users\/1"}],"replies":[{"embeddable":true,"href":"https:\/\/www.dd-secondhome.nl\/de\/wp-json\/wp\/v2\/comments?post=11947"}],"version-history":[{"count":7,"href":"https:\/\/www.dd-secondhome.nl\/de\/wp-json\/wp\/v2\/pages\/11947\/revisions"}],"predecessor-version":[{"id":12054,"href":"https:\/\/www.dd-secondhome.nl\/de\/wp-json\/wp\/v2\/pages\/11947\/revisions\/12054"}],"wp:attachment":[{"href":"https:\/\/www.dd-secondhome.nl\/de\/wp-json\/wp\/v2\/media?parent=11947"}],"curies":[{"name":"wp","href":"https:\/\/api.w.org\/{rel}","templated":true}]}}