{"id":11825,"date":"2024-07-23T15:00:13","date_gmt":"2024-07-23T14:00:13","guid":{"rendered":"https:\/\/www.dd-secondhome.nl\/disclaimer\/"},"modified":"2024-07-23T15:09:13","modified_gmt":"2024-07-23T14:09:13","slug":"disclaimer","status":"publish","type":"page","link":"https:\/\/www.dd-secondhome.nl\/en\/disclaimer\/","title":{"rendered":"Disclaimer"},"content":{"rendered":"\t\t<div data-elementor-type=\"wp-page\" data-elementor-id=\"11825\" class=\"elementor elementor-11825 elementor-11810\" data-elementor-post-type=\"page\">\n\t\t\t\t<div class=\"elementor-element elementor-element-74436cc e-flex e-con-boxed e-con e-parent\" data-id=\"74436cc\" data-element_type=\"container\" data-settings=\"{&quot;background_background&quot;:&quot;classic&quot;}\">\n\t\t\t\t\t<div class=\"e-con-inner\">\n\t\t\t\t<div class=\"elementor-element elementor-element-c5e616c elementor-widget elementor-widget-heading\" data-id=\"c5e616c\" data-element_type=\"widget\" data-widget_type=\"heading.default\">\n\t\t\t\t<div class=\"elementor-widget-container\">\n\t\t\t\t\t<h1 class=\"elementor-heading-title elementor-size-default\">Disclaimer<\/h1>\t\t\t\t<\/div>\n\t\t\t\t<\/div>\n\t\t\t\t\t<\/div>\n\t\t\t\t<\/div>\n\t\t<div class=\"elementor-element elementor-element-9c368ec e-flex e-con-boxed e-con e-parent\" data-id=\"9c368ec\" data-element_type=\"container\">\n\t\t\t\t\t<div class=\"e-con-inner\">\n\t\t\t\t<div class=\"elementor-element elementor-element-2993e51 elementor-widget elementor-widget-text-editor\" data-id=\"2993e51\" data-element_type=\"widget\" data-widget_type=\"text-editor.default\">\n\t\t\t\t<div class=\"elementor-widget-container\">\n\t\t\t\t\t\t\t\t\t<p><span style=\"font-weight: 400;\">Alle Informationen, die auf dieser Website angezeigt werden, werden von D&amp;D Secondhome mit st\u00e4ndiger Sorgfalt zusammengestellt, aktualisiert und erg\u00e4nzt. D&amp;D Secondhome \u00fcbernimmt jedoch keine Gew\u00e4hr daf\u00fcr, dass die dargestellten Informationen stets vollst\u00e4ndig, richtig und vollst\u00e4ndig sind.<\/span><\/p>\n<p><span style=\"font-weight: 400;\">D&amp;D Secondhome lehnt ausdr\u00fccklich jede Haftung f\u00fcr etwaige Ungenauigkeiten und f\u00fcr die Folgen der Nutzung der Inhalte dieser Website ab. D&amp;D Secondhome haftet auch nicht f\u00fcr direkte oder indirekte Sch\u00e4den, gleich welcher Art, die sich aus der Nutzung der Website und\/oder der (Un-)Zug\u00e4nglichkeit der Website ergeben oder in irgendeiner Weise damit zusammenh\u00e4ngen.<\/span><\/p>\n<p><span style=\"font-weight: 400;\">Der Inhalt der Website <\/span><a href=\"about:blank\"><span style=\"font-weight: 400;\">www.dd-secondhome.nl<\/span><\/a><span style=\"font-weight: 400;\"> unterliegt den Rechten des geistigen Eigentums. Vorbehaltlich gesetzlicher Ausnahmen darf nichts von dieser Website ohne schriftliche Genehmigung von D&amp;D Secondhome verwendet, weitergegeben oder vervielf\u00e4ltigt werden. Dies bedeutet, dass es ausdr\u00fccklich untersagt ist, Material von dieser Homepage (weiter)zu verwenden und\/oder zu verlinken.<\/span><\/p>\n\t\t\t\t\t\t\t\t<\/div>\n\t\t\t\t<\/div>\n\t\t\t\t\t<\/div>\n\t\t\t\t<\/div>\n\t\t\t\t<\/div>\n\t\t","protected":false},"excerpt":{"rendered":"<p>Disclaimer Alle Informationen, die auf dieser Website angezeigt werden, werden von D&amp;D Secondhome mit st\u00e4ndiger Sorgfalt zusammengestellt, aktualisiert und erg\u00e4nzt. D&amp;D Secondhome \u00fcbernimmt jedoch keine Gew\u00e4hr daf\u00fcr, dass die dargestellten Informationen stets vollst\u00e4ndig, richtig und vollst\u00e4ndig sind. D&amp;D Secondhome lehnt ausdr\u00fccklich jede Haftung f\u00fcr etwaige Ungenauigkeiten und f\u00fcr die Folgen der Nutzung der Inhalte dieser [&hellip;]<\/p>\n","protected":false},"author":1,"featured_media":0,"parent":0,"menu_order":0,"comment_status":"closed","ping_status":"closed","template":"","meta":{"_acf_changed":false,"footnotes":""},"class_list":["post-11825","page","type-page","status-publish","hentry"],"acf":[],"yoast_head":"<!-- This site is optimized with the Yoast SEO plugin v25.4 - https:\/\/yoast.com\/wordpress\/plugins\/seo\/ -->\n<title>Disclaimer - D&amp;D Second Home<\/title>\n<meta name=\"robots\" content=\"index, follow, max-snippet:-1, max-image-preview:large, max-video-preview:-1\" \/>\n<link rel=\"canonical\" href=\"https:\/\/www.dd-secondhome.nl\/en\/disclaimer\/\" \/>\n<meta property=\"og:locale\" content=\"en_US\" \/>\n<meta property=\"og:type\" content=\"article\" \/>\n<meta property=\"og:title\" content=\"Disclaimer - D&amp;D Second Home\" \/>\n<meta property=\"og:description\" content=\"Disclaimer Alle Informationen, die auf dieser Website angezeigt werden, werden von D&amp;D Secondhome mit st\u00e4ndiger Sorgfalt zusammengestellt, aktualisiert und erg\u00e4nzt. D&amp;D Secondhome \u00fcbernimmt jedoch keine Gew\u00e4hr daf\u00fcr, dass die dargestellten Informationen stets vollst\u00e4ndig, richtig und vollst\u00e4ndig sind. D&amp;D Secondhome lehnt ausdr\u00fccklich jede Haftung f\u00fcr etwaige Ungenauigkeiten und f\u00fcr die Folgen der Nutzung der Inhalte dieser [&hellip;]\" \/>\n<meta property=\"og:url\" content=\"https:\/\/www.dd-secondhome.nl\/en\/disclaimer\/\" \/>\n<meta property=\"og:site_name\" content=\"D&amp;D Second Home\" \/>\n<meta property=\"article:modified_time\" content=\"2024-07-23T14:09:13+00:00\" \/>\n<meta name=\"twitter:card\" content=\"summary_large_image\" \/>\n<meta name=\"twitter:label1\" content=\"Est. reading time\" \/>\n\t<meta name=\"twitter:data1\" content=\"1 minute\" \/>\n<script type=\"application\/ld+json\" class=\"yoast-schema-graph\">{\"@context\":\"https:\/\/schema.org\",\"@graph\":[{\"@type\":\"WebPage\",\"@id\":\"https:\/\/www.dd-secondhome.nl\/en\/disclaimer\/\",\"url\":\"https:\/\/www.dd-secondhome.nl\/en\/disclaimer\/\",\"name\":\"Disclaimer - D&amp;D Second Home\",\"isPartOf\":{\"@id\":\"https:\/\/www.dd-secondhome.nl\/en\/#website\"},\"datePublished\":\"2024-07-23T14:00:13+00:00\",\"dateModified\":\"2024-07-23T14:09:13+00:00\",\"breadcrumb\":{\"@id\":\"https:\/\/www.dd-secondhome.nl\/en\/disclaimer\/#breadcrumb\"},\"inLanguage\":\"en-US\",\"potentialAction\":[{\"@type\":\"ReadAction\",\"target\":[\"https:\/\/www.dd-secondhome.nl\/en\/disclaimer\/\"]}]},{\"@type\":\"BreadcrumbList\",\"@id\":\"https:\/\/www.dd-secondhome.nl\/en\/disclaimer\/#breadcrumb\",\"itemListElement\":[{\"@type\":\"ListItem\",\"position\":1,\"name\":\"Home\",\"item\":\"https:\/\/www.dd-secondhome.nl\/en\/\"},{\"@type\":\"ListItem\",\"position\":2,\"name\":\"Disclaimer\"}]},{\"@type\":\"WebSite\",\"@id\":\"https:\/\/www.dd-secondhome.nl\/en\/#website\",\"url\":\"https:\/\/www.dd-secondhome.nl\/en\/\",\"name\":\"D&amp;D Second Home\",\"description\":\"\",\"potentialAction\":[{\"@type\":\"SearchAction\",\"target\":{\"@type\":\"EntryPoint\",\"urlTemplate\":\"https:\/\/www.dd-secondhome.nl\/en\/?s={search_term_string}\"},\"query-input\":{\"@type\":\"PropertyValueSpecification\",\"valueRequired\":true,\"valueName\":\"search_term_string\"}}],\"inLanguage\":\"en-US\"}]}<\/script>\n<!-- \/ Yoast SEO plugin. -->","yoast_head_json":{"title":"Disclaimer - D&amp;D Second Home","robots":{"index":"index","follow":"follow","max-snippet":"max-snippet:-1","max-image-preview":"max-image-preview:large","max-video-preview":"max-video-preview:-1"},"canonical":"https:\/\/www.dd-secondhome.nl\/en\/disclaimer\/","og_locale":"en_US","og_type":"article","og_title":"Disclaimer - D&amp;D Second Home","og_description":"Disclaimer Alle Informationen, die auf dieser Website angezeigt werden, werden von D&amp;D Secondhome mit st\u00e4ndiger Sorgfalt zusammengestellt, aktualisiert und erg\u00e4nzt. D&amp;D Secondhome \u00fcbernimmt jedoch keine Gew\u00e4hr daf\u00fcr, dass die dargestellten Informationen stets vollst\u00e4ndig, richtig und vollst\u00e4ndig sind. D&amp;D Secondhome lehnt ausdr\u00fccklich jede Haftung f\u00fcr etwaige Ungenauigkeiten und f\u00fcr die Folgen der Nutzung der Inhalte dieser [&hellip;]","og_url":"https:\/\/www.dd-secondhome.nl\/en\/disclaimer\/","og_site_name":"D&amp;D Second Home","article_modified_time":"2024-07-23T14:09:13+00:00","twitter_card":"summary_large_image","twitter_misc":{"Est. reading time":"1 minute"},"schema":{"@context":"https:\/\/schema.org","@graph":[{"@type":"WebPage","@id":"https:\/\/www.dd-secondhome.nl\/en\/disclaimer\/","url":"https:\/\/www.dd-secondhome.nl\/en\/disclaimer\/","name":"Disclaimer - D&amp;D Second Home","isPartOf":{"@id":"https:\/\/www.dd-secondhome.nl\/en\/#website"},"datePublished":"2024-07-23T14:00:13+00:00","dateModified":"2024-07-23T14:09:13+00:00","breadcrumb":{"@id":"https:\/\/www.dd-secondhome.nl\/en\/disclaimer\/#breadcrumb"},"inLanguage":"en-US","potentialAction":[{"@type":"ReadAction","target":["https:\/\/www.dd-secondhome.nl\/en\/disclaimer\/"]}]},{"@type":"BreadcrumbList","@id":"https:\/\/www.dd-secondhome.nl\/en\/disclaimer\/#breadcrumb","itemListElement":[{"@type":"ListItem","position":1,"name":"Home","item":"https:\/\/www.dd-secondhome.nl\/en\/"},{"@type":"ListItem","position":2,"name":"Disclaimer"}]},{"@type":"WebSite","@id":"https:\/\/www.dd-secondhome.nl\/en\/#website","url":"https:\/\/www.dd-secondhome.nl\/en\/","name":"D&amp;D Second Home","description":"","potentialAction":[{"@type":"SearchAction","target":{"@type":"EntryPoint","urlTemplate":"https:\/\/www.dd-secondhome.nl\/en\/?s={search_term_string}"},"query-input":{"@type":"PropertyValueSpecification","valueRequired":true,"valueName":"search_term_string"}}],"inLanguage":"en-US"}]}},"_links":{"self":[{"href":"https:\/\/www.dd-secondhome.nl\/en\/wp-json\/wp\/v2\/pages\/11825","targetHints":{"allow":["GET"]}}],"collection":[{"href":"https:\/\/www.dd-secondhome.nl\/en\/wp-json\/wp\/v2\/pages"}],"about":[{"href":"https:\/\/www.dd-secondhome.nl\/en\/wp-json\/wp\/v2\/types\/page"}],"author":[{"embeddable":true,"href":"https:\/\/www.dd-secondhome.nl\/en\/wp-json\/wp\/v2\/users\/1"}],"replies":[{"embeddable":true,"href":"https:\/\/www.dd-secondhome.nl\/en\/wp-json\/wp\/v2\/comments?post=11825"}],"version-history":[{"count":1,"href":"https:\/\/www.dd-secondhome.nl\/en\/wp-json\/wp\/v2\/pages\/11825\/revisions"}],"predecessor-version":[{"id":11826,"href":"https:\/\/www.dd-secondhome.nl\/en\/wp-json\/wp\/v2\/pages\/11825\/revisions\/11826"}],"wp:attachment":[{"href":"https:\/\/www.dd-secondhome.nl\/en\/wp-json\/wp\/v2\/media?parent=11825"}],"curies":[{"name":"wp","href":"https:\/\/api.w.org\/{rel}","templated":true}]}}